{"id":845,"date":"2021-05-02T18:21:12","date_gmt":"2021-05-02T18:21:12","guid":{"rendered":"https:\/\/faasecuador.com\/?page_id=845"},"modified":"2023-07-27T14:57:42","modified_gmt":"2023-07-27T14:57:42","slug":"higiene-y-mantenimiento","status":"publish","type":"page","link":"https:\/\/faasecuador.com\/index.php\/higiene-y-mantenimiento\/","title":{"rendered":"HIGIENE Y MANTENIMIENTO"},"content":{"rendered":"<div class=\"brz-root__container brz-reset-all\">\n<section data-uid=\"sbudfcanecudvjadvfpjqhfcsebzxnywuzyw\" id=\"sbudfcanecudvjadvfpjqhfcsebzxnywuzyw\" class=\"brz-section brz-css-jwcbd brz-css-ymjen\">\n<div class=\"brz-slick-slider brz-slick-slider__section\" data-slides-to-show=\"1\" data-slides-to-scroll=\"1\" data-arrows=\"true\" data-dots=\"true\" data-dots-class=\"brz-slick-slider__dots brz-slick-slider__dots--circle\" data-fade=\"false\" data-vertical=\"false\" data-auto-play=\"true\" data-auto-play-speed=\"5000\" data-swipe=\"true\" data-responsive=\"%5B%7B%22breakpoint%22%3A767%2C%22settings%22%3A%7B%22slidesToShow%22%3A1%2C%22slidesToScroll%22%3A1%7D%7D%5D\">\n<div>\n<div class=\"brz-section__content brz-section--boxed brz-css-yzxmx brz-css-skiwj\" data-custom-id=\"bevcbzzskqstgxwuazpxvfjepxfkrykjeygx\">\n<div class=\"brz-bg overflow-hidden !z-auto absolute top-0 left-0 w-full h-full\">\n<div class=\"brz-bg-image absolute left-0 w-full bg-no-repeat top-0 h-full bg-cover\"><\/div>\n<\/div>\n<div class=\"brz-container brz-css-lzjko\">\n<div class=\"brz-css-nduib brz-css-clrwy brz-css-lrcpe brz-wrapper\">\n<div class=\"brz-spacer brz-css-ibzmm brz-css-xybod\"><\/div>\n<\/div>\n<\/div>\n<\/div>\n<\/div>\n<div>\n<div class=\"brz-section__content brz-section--boxed brz-css-yzxmx brz-css-xzlek\" data-custom-id=\"mtvqmevraobdfybygownpoxxtpewvppcqhua\">\n<div class=\"brz-bg overflow-hidden !z-auto absolute top-0 left-0 w-full h-full\">\n<div class=\"brz-bg-image absolute left-0 w-full bg-no-repeat top-0 h-full bg-cover\"><\/div>\n<\/div>\n<div class=\"brz-container brz-css-lzjko\"><\/div>\n<\/div>\n<\/div>\n<div>\n<div class=\"brz-section__content brz-section--boxed brz-css-yzxmx brz-css-derxb\" data-custom-id=\"vchrynxijeehbwjmywcuokcztqxetxzichqo\">\n<div class=\"brz-bg overflow-hidden !z-auto absolute top-0 left-0 w-full h-full\">\n<div class=\"brz-bg-image absolute left-0 w-full bg-no-repeat top-0 h-full bg-cover\"><\/div>\n<\/div>\n<div class=\"brz-container brz-css-lzjko\"><\/div>\n<\/div>\n<\/div>\n<\/div>\n<\/section>\n<section data-uid=\"txslcascaiswlkrhdbhxsseppfeungoeylec\" id=\"txslcascaiswlkrhdbhxsseppfeungoeylec\" class=\"brz-section brz-css-jwcbd\">\n<div class=\"brz-section__content brz-section--boxed brz-css-yzxmx brz-css-ibigg\" data-custom-id=\"gmmakylbxfkokkpnnphkuwllureacbrsstkb\">\n<div class=\"brz-bg overflow-hidden !z-auto absolute top-0 left-0 w-full h-full\">\n<div class=\"brz-bg-color absolute top-0 left-0 w-full h-full\"><\/div>\n<\/div>\n<div class=\"brz-container brz-css-lzjko\">\n<div class=\"brz-row__container brz-css-cngpi\" data-custom-id=\"avqtmdsadbakpcgexzpnvuwpuecexgepggbr\">\n<div class=\"brz-bg overflow-hidden !z-auto absolute top-0 left-0 w-full h-full\"><\/div>\n<div class=\"brz-row brz-css-drrxw brz-css-tgvzr\">\n<div class=\"brz-columns brz-css-daatg brz-css-truui\" data-custom-id=\"pgqflrffhyblutrfqastsapjmwkycfwyxgkc\">\n<div class=\"brz-bg overflow-hidden !z-auto absolute top-0 left-0 w-full h-full\"><\/div>\n<div class=\"brz-column__items brz-css-mizye brz-css-hhdjo\">\n<div class=\"brz-css-nduib brz-wrapper\">\n<div class=\"brz-rich-text brz-rich-text__custom brz-css-hnobe\" data-custom-id=\"gyvvleoutlcuhfvrvzvpltjxpitdbdhlunmw\">\n<div>\n<h1 class=\"brz-tp-heading1 brz-text-xs-center brz-text-lg-center brz-css-mgxuo\"><span class=\"brz-cp-color2\">HIGIENE Y MANTENIMIENTO<\/span><\/h1>\n<\/div>\n<\/div>\n<\/div>\n<div class=\"brz-css-nduib brz-css-pmxqk brz-wrapper\">\n<div class=\"brz-rich-text brz-rich-text__custom brz-css-hnobe\" data-custom-id=\"fvmsykjdnbbfoqvfxtwzffduhtgnvauwniyl\">\n<div>\n<p class=\"brz-tp-paragraph brz-text-lg-justify brz-text-xs-left brz-css-vpuin\"><span>FAAS preocupado por mantener la organizaci\u00f3n y el orden en su hogar, oficina y ambiente social; as\u00ed como brindar soluciones de mantenimiento t\u00e9cnico y remodelaci\u00f3n a todas las \u00e1reas de tu edificaci\u00f3n o espacio. <\/span><\/p>\n<\/div>\n<\/div>\n<\/div>\n<\/div>\n<\/div>\n<\/div>\n<\/div>\n<\/div>\n<\/div>\n<\/section>\n<section data-uid=\"zmfikmbybyrgsrpftcqlhscqdnmebuyopccu\" id=\"zmfikmbybyrgsrpftcqlhscqdnmebuyopccu\" class=\"brz-section brz-css-jwcbd\">\n<div class=\"brz-section__content brz-section--boxed brz-css-yzxmx brz-css-ssmmz\" data-custom-id=\"lrkbwjzxdvknsqzcxajhgariahwbvnfafykl\">\n<div class=\"brz-container brz-css-lzjko\">\n<div class=\"brz-row__container brz-css-cngpi\" data-custom-id=\"njwbcugrwdqtnjijgjaqymecvkbtpbbmsyxk\">\n<div class=\"brz-bg overflow-hidden !z-auto absolute top-0 left-0 w-full h-full\"><\/div>\n<div class=\"brz-row brz-css-drrxw brz-css-tgvzr\">\n<div class=\"brz-columns brz-css-daatg brz-css-safpf\" data-custom-id=\"jrgnxeqrkvgasqwcnakouqgzzclrjdbfnbxz\">\n<div class=\"brz-bg overflow-hidden !z-auto absolute top-0 left-0 w-full h-full\"><\/div>\n<div class=\"brz-column__items brz-css-mizye brz-css-kjlmp\">\n<div class=\"brz-css-nduib brz-wrapper\">\n<div class=\"brz-image brz-css-goekz brz-css-aksan\" data-custom-id=\"mqhsnmwysggiwiiadqoldifserwgpieoyscs\"><img decoding=\"async\" class=\"brz-img\" src=\"https:\/\/faasecuador.com\/?brizy_media=wp-e0e1c37e286da0bf94f4df4aa5d1a73a.png&amp;brizy_crop=iW%3D444%26iH%3D314%26oX%3D0%26oY%3D33%26cW%3D444%26cH%3D248\" alt=\"\" loading=\"lazy\"><\/div>\n<\/div>\n<div class=\"brz-css-nduib brz-css-nvojf brz-wrapper\">\n<div class=\"brz-rich-text brz-rich-text__custom brz-css-hnobe\" data-custom-id=\"dhaqgjehveyjadqsethlcjlqvullbjtsewdv\">\n<div>\n<h4 class=\"brz-tp-heading4 brz-css-tspoa\"><span class=\"brz-cp-color2\">1.&nbsp;&nbsp;&nbsp;&nbsp;Plan Limpieza y mantenimiento en general<\/span><\/h4>\n<\/div>\n<\/div>\n<\/div>\n<div class=\"brz-css-nduib brz-css-gifbc brz-wrapper\">\n<div class=\"brz-rich-text brz-rich-text__custom brz-css-hnobe\" data-custom-id=\"pqsmyfkdgslraundkpcwmxobqskwrcfafsos\">\n<div>\n<p class=\"brz-text-lg-justify brz-tp-paragraph brz-text-xs-left brz-css-mdsrs\"><span>Limpiamos&nbsp;oficinas, casas, departamentos, suits, residencias, parques, conjuntos residenciales escuelas, universidades, edificios e instalaciones, almacenes, garajes, (zona interna y externa)<\/span><\/p>\n<\/div>\n<\/div>\n<\/div>\n<\/div>\n<\/div>\n<div class=\"brz-columns brz-css-daatg\" data-custom-id=\"amrirentblwxaxxizqawdjkiirrtjczapyke\">\n<div class=\"brz-column__items brz-css-mizye brz-css-ktzqk\">\n<div class=\"brz-css-nduib brz-wrapper\">\n<div class=\"brz-image brz-css-kztvl brz-css-rqldu\" data-custom-id=\"exzwwvbhpecjjmpcsbtvnxwrvpqxmbsxftzl\"><img decoding=\"async\" class=\"brz-img\" src=\"https:\/\/faasecuador.com\/?brizy_media=wp-e4282738056289e83608264753086390.png&amp;brizy_crop=iW%3D444%26iH%3D314%26oX%3D0%26oY%3D31%26cW%3D444%26cH%3D251\" alt=\"\" loading=\"lazy\"><\/div>\n<\/div>\n<div class=\"brz-css-nduib brz-css-vhjbj brz-wrapper\">\n<div class=\"brz-rich-text brz-rich-text__custom brz-css-hnobe\" data-custom-id=\"alnllkgurtgrmasaosphpozxdwwpixphqvox\">\n<div>\n<h4 class=\"brz-tp-heading4 brz-css-tclyo\"><span class=\"brz-cp-color2\">2.&nbsp;&nbsp;&nbsp;&nbsp;Mantenimiento t\u00e9cnico<\/span><\/h4>\n<\/div>\n<\/div>\n<\/div>\n<div class=\"brz-css-nduib brz-css-wjkau brz-wrapper\">\n<div class=\"brz-rich-text brz-rich-text__custom brz-css-hnobe\" data-custom-id=\"yecpzntavrffzagqhdzacrdoiiggocrzvbzd\">\n<div>\n<p class=\"brz-tp-paragraph brz-css-nkxho\"><span>Ponemos al servicio de la comunidad la asistencia en plomer\u00eda, carpinter\u00eda, electricidad, pintura interiores y exteriores, remodelaci\u00f3n.<\/span><\/p>\n<\/div>\n<\/div>\n<\/div>\n<\/div>\n<\/div>\n<\/div>\n<\/div>\n<div class=\"brz-wrapper-clone brz-css-dfqya\">\n<div class=\"brz-d-xs-flex brz-flex-xs-wrap brz-css-bhnzi\">\n<div class=\"brz-wrapper-clone__item brz-css-smasx\" id=\"kcwetkkovtxqneaypjeekqisgjaxtscchyih\"><a class=\"brz-a brz-btn brz-css-hbchf brz-css-audql\" href=\"https:\/\/api.whatsapp.com\/send?phone=593969682439&amp;text=Hola,%20necesito%20m%C3%A1s%20informaci%C3%B3n%F0%9F%97%92%EF%B8%8F%F0%9F%96%8A%EF%B8%8F\" target=\"_self\" rel=\"noopener\" data-brz-link-type=\"external\" data-custom-id=\"kcwetkkovtxqneaypjeekqisgjaxtscchyih\"><span class=\"brz-span brz-text__editor\">WhatsApp<\/span><\/a><\/div>\n<\/div>\n<\/div>\n<\/div>\n<\/div>\n<\/section>\n<section data-uid=\"odwswejubxthwrrgusfonbpzoyalizdsocsl\" id=\"odwswejubxthwrrgusfonbpzoyalizdsocsl\" class=\"brz-section brz-css-jwcbd brz-css-lorfq\">\n<div class=\"brz-section__content brz-section--boxed brz-css-yzxmx brz-css-xwcxr\" data-custom-id=\"rsesdvnapuzlzqhsaoflwosssudsvgcmzqeh\">\n<div class=\"brz-bg overflow-hidden !z-auto absolute top-0 left-0 w-full h-full\">\n<div class=\"brz-bg-color absolute top-0 left-0 w-full h-full\"><\/div>\n<\/div>\n<div class=\"brz-container brz-css-lzjko\">\n<div class=\"brz-css-nduib brz-css-czkio brz-wrapper\">\n<div class=\"brz-rich-text brz-rich-text__custom brz-css-hnobe\" data-custom-id=\"ujtzuogehilmltkbdagrdghiuhzwmfuavgqt\">\n<div>\n<h1 class=\"brz-tp-heading1 brz-text-lg-center brz-css-nrmmo\"><span class=\"brz-cp-color2\">SERVICIOS ADICIONALES<\/span><\/h1>\n<\/div>\n<\/div>\n<\/div>\n<div class=\"brz-row__container brz-css-cngpi\" data-custom-id=\"wykeigesomvzzzlzmiyggntmcufhtmuibzuz\">\n<div class=\"brz-bg overflow-hidden !z-auto absolute top-0 left-0 w-full h-full\"><\/div>\n<div class=\"brz-row brz-css-drrxw brz-css-tgvzr\">\n<div class=\"brz-columns brz-css-daatg brz-css-fnfbw\" data-custom-id=\"hvjzovrqbcrcimqjejnvkyapqjdiaxldgway\">\n<div class=\"brz-bg overflow-hidden !z-auto absolute top-0 left-0 w-full h-full\"><\/div>\n<div class=\"brz-column__items brz-css-mizye\">\n<div class=\"brz-css-nduib brz-wrapper\">\n<div class=\"brz-image brz-css-ryctf\" data-custom-id=\"pxwqyljalngrxversylxpdvegbtevbmeakxn\"><img decoding=\"async\" class=\"brz-img\" src=\"https:\/\/faasecuador.com\/?brizy_media=wp-ed9846d2caba47156fcc777389f8b425.png&amp;brizy_crop=iW%3D576%26iH%3D407%26oX%3D16%26oY%3D0%26cW%3D543%26cH%3D407\" alt=\"\" loading=\"lazy\"><\/div>\n<\/div>\n<\/div>\n<\/div>\n<div class=\"brz-columns brz-css-daatg brz-css-zxusn\" data-custom-id=\"jznzydqfvesybyfzloumvttquarhtwqcoeah\">\n<div class=\"brz-bg overflow-hidden !z-auto absolute top-0 left-0 w-full h-full\"><\/div>\n<div class=\"brz-column__items brz-css-mizye brz-css-gmsrf\">\n<div class=\"brz-row__container brz-css-cngpi\" data-custom-id=\"iwaiqlrtpnsbopfjvqwtkhgokijokodsqoer\">\n<div class=\"brz-bg overflow-hidden !z-auto absolute top-0 left-0 w-full h-full\"><\/div>\n<div class=\"brz-row brz-row--inner brz-css-drrxw brz-css-tgvzr\">\n<div class=\"brz-columns brz-css-daatg brz-css-wmgee\" data-custom-id=\"peqwykuvhypsfxblvsukrkpnhwjoopawqctj\">\n<div class=\"brz-bg overflow-hidden !z-auto absolute top-0 left-0 w-full h-full\"><\/div>\n<div class=\"brz-column__items brz-css-mizye brz-css-unctu\">\n<div class=\"brz-css-nduib brz-wrapper\">\n<div class=\"brz-icon-text brz-css-srojt brz-css-rgxon\" data-custom-id=\"yqweksnrgpydopgmhayqjvuyapafqicxbozs\">\n<div class=\"brz-icon__container\" data-custom-id=\"pasisiozkhsmcsroskbdkqulwhthveqjpzdy\"><span class=\"brz-icon brz-span brz-css-rywqy brz-css-sxpoj\"><\/span><\/div>\n<div class=\"brz-text-btn\">\n<div class=\"brz-rich-text brz-rich-text__custom brz-css-hnobe\" data-custom-id=\"iqpqsoiqdtlctdslpkxihfjjvsgrksdoezam\">\n<div>\n<p class=\"brz-tp-heading6 brz-css-unwde\"><span class=\"brz-cp-color2\">Revestimiento de paredes<\/span><\/p>\n<\/div>\n<\/div>\n<\/div>\n<\/div>\n<\/div>\n<div class=\"brz-css-nduib brz-wrapper\">\n<div class=\"brz-icon-text brz-css-srojt brz-css-oiojg\" data-custom-id=\"qpwfdwlpoqtjsycdkwqtjrsaylfeibwcbyzi\">\n<div class=\"brz-icon__container\" data-custom-id=\"ozxuxjlmifrlmrajbtqzowiminertpbbsntp\"><span class=\"brz-icon brz-span brz-css-rywqy brz-css-tbepb\"><\/span><\/div>\n<div class=\"brz-text-btn\">\n<div class=\"brz-rich-text brz-rich-text__custom brz-css-hnobe\" data-custom-id=\"oezsjvhilzejzlcyrojrzkwrpnkummofxpvu\">\n<div>\n<p class=\"brz-tp-heading6 brz-css-gxzip\"><span class=\"brz-cp-color2\">Instalaci\u00f3n de gypsum<\/span><\/p>\n<\/div>\n<\/div>\n<\/div>\n<\/div>\n<\/div>\n<div class=\"brz-css-nduib brz-wrapper\">\n<div class=\"brz-icon-text brz-css-srojt brz-css-cypie\" data-custom-id=\"qipwlcligapduzfvxcczecwsmxomotfmznmr\">\n<div class=\"brz-icon__container\" data-custom-id=\"urqniacjbujvgpmsvhkharwcvksyukgnnpsg\"><span class=\"brz-icon brz-span brz-css-rywqy brz-css-ftrfh\"><\/span><\/div>\n<div class=\"brz-text-btn\">\n<div class=\"brz-rich-text brz-rich-text__custom brz-css-hnobe\" data-custom-id=\"asibabtollhsuqwmzflkxwkdffpodxugdfdm\">\n<div>\n<p class=\"brz-tp-heading6 brz-css-cpbjs\"><span class=\"brz-cp-color2\">Jardiner\u00eda<\/span><\/p>\n<\/div>\n<\/div>\n<\/div>\n<\/div>\n<\/div>\n<div class=\"brz-css-nduib brz-wrapper\">\n<div class=\"brz-icon-text brz-css-srojt brz-css-txyxg\" data-custom-id=\"pkdogoyvidssuimkwpodzbaarmtyghfdeczg\">\n<div class=\"brz-icon__container\" data-custom-id=\"vmcghhbsnjtkgibhkqtqcvvxjtjbotqijaiu\"><span class=\"brz-icon brz-span brz-css-rywqy brz-css-wcuvk\"><\/span><\/div>\n<div class=\"brz-text-btn\">\n<div class=\"brz-rich-text brz-rich-text__custom brz-css-hnobe\" data-custom-id=\"qgrlpoeesabypaexegvmnrjxeotgyjlsyvve\">\n<div>\n<p class=\"brz-tp-heading6 brz-css-alrar\"><span class=\"brz-cp-color2\">Impermeabilizaci\u00f3n<\/span><\/p>\n<\/div>\n<\/div>\n<\/div>\n<\/div>\n<\/div>\n<div class=\"brz-css-nduib brz-wrapper\">\n<div class=\"brz-icon-text brz-css-srojt brz-css-kvdtx\" data-custom-id=\"drcvgiadqhxfgiephxjgbmbdhobqcrtizqsu\">\n<div class=\"brz-icon__container\" data-custom-id=\"boxmvfqpjbldawbsjtoykqtpfzuxqpuvwsmw\"><span class=\"brz-icon brz-span brz-css-rywqy brz-css-nokaj\"><\/span><\/div>\n<div class=\"brz-text-btn\">\n<div class=\"brz-rich-text brz-rich-text__custom brz-css-hnobe\" data-custom-id=\"xcxqrgwxdyydcnfdfbpwvaqyaeigyunwoktg\">\n<div>\n<p class=\"brz-tp-heading6 brz-css-sdtqk\"><span class=\"brz-cp-color2\">Instalaci\u00f3n de cortinas<\/span><\/p>\n<\/div>\n<\/div>\n<\/div>\n<\/div>\n<\/div>\n<div class=\"brz-css-nduib brz-css-clrwy brz-css-peqme brz-wrapper\">\n<div class=\"brz-spacer brz-css-ibzmm brz-css-otnfg\"><\/div>\n<\/div>\n<div class=\"brz-wrapper-clone brz-css-dfqya\">\n<div class=\"brz-d-xs-flex brz-flex-xs-wrap brz-css-bhnzi brz-css-dcpcr\">\n<div class=\"brz-wrapper-clone__item brz-css-smasx\" id=\"fgfdfdczfzwxfjmzbwjccvyzdbyaurvlslzf\"><a class=\"brz-a brz-btn brz-css-hbchf\" href=\"https:\/\/api.whatsapp.com\/send?phone=593969682439&amp;text=Hola,%20necesito%20m%C3%A1s%20informaci%C3%B3n%F0%9F%97%92%EF%B8%8F%F0%9F%96%8A%EF%B8%8F\" target=\"_self\" rel=\"noopener\" data-brz-link-type=\"external\" data-custom-id=\"fgfdfdczfzwxfjmzbwjccvyzdbyaurvlslzf\"><span class=\"brz-span brz-text__editor\">WhatsApp<\/span><\/a><\/div>\n<\/div>\n<\/div>\n<\/div>\n<\/div>\n<\/div>\n<\/div>\n<div class=\"brz-css-nduib brz-css-clrwy brz-css-ypqrb brz-wrapper\">\n<div class=\"brz-spacer brz-css-ibzmm brz-css-xbdiu\"><\/div>\n<\/div>\n<\/div>\n<\/div>\n<\/div>\n<\/div>\n<\/div>\n<\/div>\n<\/section>\n<\/div>\n<p>    <!-- version:1690469862 --><\/p>\n","protected":false},"excerpt":{"rendered":"<p>HIGIENE Y MANTENIMIENTO FAAS preocupado por mantener la organizaci\u00f3n y el orden en su hogar, oficina y ambiente social; as\u00ed como brindar soluciones de mantenimiento t\u00e9cnico y remodelaci\u00f3n a todas las \u00e1reas de tu edificaci\u00f3n o espacio. 1.&nbsp;&nbsp;&nbsp;&nbsp;Plan Limpieza y mantenimiento en general Limpiamos&nbsp;oficinas, casas, departamentos, suits, residencias, parques, conjuntos residenciales escuelas, universidades, edificios e [&hellip;]<\/p>\n","protected":false},"author":1,"featured_media":0,"parent":0,"menu_order":60,"comment_status":"closed","ping_status":"closed","template":"","meta":{"om_disable_all_campaigns":false,"_monsterinsights_skip_tracking":false,"_monsterinsights_sitenote_active":false,"_monsterinsights_sitenote_note":"","_monsterinsights_sitenote_category":0,"footnotes":""},"class_list":["post-845","page","type-page","status-publish","hentry"],"_links":{"self":[{"href":"https:\/\/faasecuador.com\/index.php\/wp-json\/wp\/v2\/pages\/845","targetHints":{"allow":["GET"]}}],"collection":[{"href":"https:\/\/faasecuador.com\/index.php\/wp-json\/wp\/v2\/pages"}],"about":[{"href":"https:\/\/faasecuador.com\/index.php\/wp-json\/wp\/v2\/types\/page"}],"author":[{"embeddable":true,"href":"https:\/\/faasecuador.com\/index.php\/wp-json\/wp\/v2\/users\/1"}],"replies":[{"embeddable":true,"href":"https:\/\/faasecuador.com\/index.php\/wp-json\/wp\/v2\/comments?post=845"}],"version-history":[{"count":30,"href":"https:\/\/faasecuador.com\/index.php\/wp-json\/wp\/v2\/pages\/845\/revisions"}],"predecessor-version":[{"id":1213,"href":"https:\/\/faasecuador.com\/index.php\/wp-json\/wp\/v2\/pages\/845\/revisions\/1213"}],"wp:attachment":[{"href":"https:\/\/faasecuador.com\/index.php\/wp-json\/wp\/v2\/media?parent=845"}],"curies":[{"name":"wp","href":"https:\/\/api.w.org\/{rel}","templated":true}]}}