{"id":837,"date":"2021-05-02T18:09:21","date_gmt":"2021-05-02T18:09:21","guid":{"rendered":"https:\/\/faasecuador.com\/?page_id=837"},"modified":"2023-07-27T14:57:54","modified_gmt":"2023-07-27T14:57:54","slug":"educacion-y-cuidado","status":"publish","type":"page","link":"https:\/\/faasecuador.com\/index.php\/educacion-y-cuidado\/","title":{"rendered":"EDUCACI\u00d3N Y CUIDADO"},"content":{"rendered":"<div class=\"brz-root__container brz-reset-all\">\n<section data-uid=\"vxmozerhgclqmicyzxhudlfuvdlmfcnqhrma\" id=\"vxmozerhgclqmicyzxhudlfuvdlmfcnqhrma\" class=\"brz-section brz-css-dcurr brz-css-yiiuo\">\n<div class=\"brz-slick-slider brz-slick-slider__section\" data-slides-to-show=\"1\" data-slides-to-scroll=\"1\" data-arrows=\"true\" data-dots=\"true\" data-dots-class=\"brz-slick-slider__dots brz-slick-slider__dots--circle\" data-fade=\"false\" data-vertical=\"false\" data-auto-play=\"true\" data-auto-play-speed=\"5000\" data-swipe=\"true\" data-responsive=\"%5B%7B%22breakpoint%22%3A767%2C%22settings%22%3A%7B%22slidesToShow%22%3A1%2C%22slidesToScroll%22%3A1%7D%7D%5D\">\n<div>\n<div class=\"brz-section__content brz-section--boxed brz-css-updtq brz-css-pjoog\" data-custom-id=\"nwguxptwtrcswertqrsohgdqjqwaefppqeuc\">\n<div class=\"brz-bg overflow-hidden !z-auto absolute top-0 left-0 w-full h-full\">\n<div class=\"brz-bg-image absolute left-0 w-full bg-no-repeat top-0 h-full bg-cover\"><\/div>\n<\/div>\n<div class=\"brz-container brz-css-rrwyn\">\n<div class=\"brz-css-ekjcj brz-css-eyfff brz-css-sdrlj brz-wrapper\">\n<div class=\"brz-spacer brz-css-uzksv brz-css-gskfq\"><\/div>\n<\/div>\n<\/div>\n<\/div>\n<\/div>\n<div>\n<div class=\"brz-section__content brz-section--boxed brz-css-updtq brz-css-xhasc\" data-custom-id=\"nmnjtxkhxmsekqzqrbnmqtxlufrrpyqpufbh\">\n<div class=\"brz-bg overflow-hidden !z-auto absolute top-0 left-0 w-full h-full\">\n<div class=\"brz-bg-image absolute left-0 w-full bg-no-repeat top-0 h-full bg-cover\"><\/div>\n<\/div>\n<div class=\"brz-container brz-css-rrwyn\"><\/div>\n<\/div>\n<\/div>\n<\/div>\n<\/section>\n<section data-uid=\"flhtdkbyihrvlbpypxiwjywqaukrrryjivfo\" id=\"flhtdkbyihrvlbpypxiwjywqaukrrryjivfo\" class=\"brz-section brz-css-dcurr\">\n<div class=\"brz-section__content brz-section--boxed brz-css-updtq brz-css-pgelg\" data-custom-id=\"nheppwiqtxdgvftwqjrzxxjnnpusporwyifx\">\n<div class=\"brz-bg overflow-hidden !z-auto absolute top-0 left-0 w-full h-full\">\n<div class=\"brz-bg-color absolute top-0 left-0 w-full h-full\"><\/div>\n<\/div>\n<div class=\"brz-container brz-css-rrwyn\">\n<div class=\"brz-row__container brz-css-nroos\" data-custom-id=\"zwlmcwggtknlpmnqtdyqiqzwfxgkjhajacey\">\n<div class=\"brz-bg overflow-hidden !z-auto absolute top-0 left-0 w-full h-full\"><\/div>\n<div class=\"brz-row brz-css-vhwmf brz-css-issiw\">\n<div class=\"brz-columns brz-css-mxfas brz-css-dbfyd\" data-custom-id=\"jbsjbukdencgdbuinmskmslihdoslotkuxsg\">\n<div class=\"brz-bg overflow-hidden !z-auto absolute top-0 left-0 w-full h-full\"><\/div>\n<div class=\"brz-column__items brz-css-todsb brz-css-ydhwv\">\n<div class=\"brz-css-ekjcj brz-css-zrfwn brz-wrapper\">\n<div class=\"brz-rich-text brz-rich-text__custom brz-css-aphym\" data-custom-id=\"fapqvzoxjpmgvtaygteigbayvqseqxalfuur\">\n<div>\n<h1 class=\"brz-text-xs-center brz-tp-heading1 brz-css-iiypx\"><span class=\"brz-cp-color2\">Plan Infantil<\/span><\/h1>\n<\/div>\n<\/div>\n<\/div>\n<div class=\"brz-css-ekjcj brz-css-bawef brz-wrapper\">\n<div class=\"brz-rich-text brz-rich-text__custom brz-css-aphym\" data-custom-id=\"cyifpzlgnnogtdvarxyyjcijznmtijjckwtz\">\n<div>\n<p class=\"brz-tp-subtitle brz-text-lg-justify brz-text-xs-left brz-css-ufuaz\"><span>Personal capaz de brindar atenci\u00f3n inmediata&nbsp;en cada actividad de sus peque\u00f1os;&nbsp;con amor, respeto y paciencia. Experta en cuidar la alimentaci\u00f3n, salud, educaci\u00f3n, higiene y seguridad del ni\u00f1o, la misma&nbsp;estar\u00e1 sujeta a los principios e indicaciones de los padres o personas responsables del infante; los mismos que garanticen el cumplimiento de los derechos del ni\u00f1o.<\/span><\/p>\n<\/div>\n<\/div>\n<\/div>\n<div class=\"brz-wrapper-clone brz-css-iffsp\">\n<div class=\"brz-d-xs-flex brz-flex-xs-wrap brz-css-ceutr brz-css-iorzy\">\n<div class=\"brz-wrapper-clone__item brz-css-rnvka\" id=\"akwokmhbokmzdkzjfxrlajbkqzcwiwuaxgas\"><a class=\"brz-a brz-btn brz-css-nohiz brz-css-pergt\" href=\"https:\/\/api.whatsapp.com\/send?phone=593984974773&amp;text=Hola,%20necesito%20m%C3%A1s%20informaci%C3%B3n%F0%9F%97%92%EF%B8%8F%F0%9F%96%8A%EF%B8%8F\" target=\"_self\" rel=\"noopener\" data-brz-link-type=\"external\" data-custom-id=\"akwokmhbokmzdkzjfxrlajbkqzcwiwuaxgas\"><span class=\"brz-span brz-text__editor\">WhatsApp<\/span><\/a><\/div>\n<\/div>\n<\/div>\n<\/div>\n<\/div>\n<div class=\"brz-columns brz-css-mxfas brz-css-wdxgb\" data-custom-id=\"upgtgcnqiwubgovdvwvedehjvjoqjpqnbamr\">\n<div class=\"brz-bg overflow-hidden !z-auto absolute top-0 left-0 w-full h-full\"><\/div>\n<div class=\"brz-column__items brz-css-todsb\">\n<div class=\"brz-css-ekjcj brz-wrapper\">\n<div class=\"brz-image brz-css-gxtve brz-css-dilrg\" data-custom-id=\"lrsoxfyvupzmgjtfflayhkdsqtutniffyeux\"><img decoding=\"async\" class=\"brz-img\" src=\"https:\/\/faasecuador.com\/?brizy_media=wp-ad11d11e366a835994161781d783fcf4.png&amp;brizy_crop=iW%3D566%26iH%3D400%26oX%3D0%26oY%3D8%26cW%3D566%26cH%3D392\" alt=\"\" loading=\"lazy\"><\/div>\n<\/div>\n<\/div>\n<\/div>\n<\/div>\n<\/div>\n<\/div>\n<\/div>\n<\/section>\n<section data-uid=\"bcxvmladwcgxdadwrkumjooasdpeajdwehaj\" id=\"bcxvmladwcgxdadwrkumjooasdpeajdwehaj\" class=\"brz-section brz-css-dcurr\">\n<div class=\"brz-section__content brz-section--boxed brz-css-updtq brz-css-hmthi\" data-custom-id=\"qtwqkpynnbwxxtkppefxymbwihheyllwenkx\">\n<div class=\"brz-bg overflow-hidden !z-auto absolute top-0 left-0 w-full h-full\">\n<div class=\"brz-bg-color absolute top-0 left-0 w-full h-full\"><\/div>\n<\/div>\n<div class=\"brz-container brz-css-rrwyn\">\n<div class=\"brz-css-ekjcj brz-wrapper\">\n<div class=\"brz-rich-text brz-rich-text__custom brz-css-aphym\" data-custom-id=\"hrolxsnllgoszxofyclaxeskfjiwzrjumpyd\">\n<div>\n<h1 class=\"brz-tp-heading1 brz-text-lg-center brz-css-mkhgn\"><span class=\"brz-cp-color2\">SERVICIOS ADICIONALES:<\/span><\/h1>\n<\/div>\n<\/div>\n<\/div>\n<div class=\"brz-css-ekjcj brz-css-eyfff brz-css-qwhjc brz-wrapper\">\n<div class=\"brz-spacer brz-css-uzksv brz-css-klvjy\"><\/div>\n<\/div>\n<div class=\"brz-row__container brz-css-nroos\" data-custom-id=\"ajlilipyqubcckkxphydsuyqxmhfjawliwpv\">\n<div class=\"brz-bg overflow-hidden !z-auto absolute top-0 left-0 w-full h-full\"><\/div>\n<div class=\"brz-row brz-css-vhwmf brz-css-issiw\">\n<div class=\"brz-columns brz-css-mxfas brz-css-yzbta\" data-custom-id=\"rrsrnxznreugzzigvnozkuansynynlfefqlm\">\n<div class=\"brz-bg overflow-hidden !z-auto absolute top-0 left-0 w-full h-full\"><\/div>\n<div class=\"brz-column__items brz-css-todsb\">\n<div class=\"brz-css-ekjcj brz-wrapper\">\n<div class=\"brz-image brz-css-ciciq\" data-custom-id=\"otijnxzlpswhuozhgbhietqsiugrouzvlelu\"><img decoding=\"async\" class=\"brz-img\" src=\"https:\/\/faasecuador.com\/?brizy_media=wp-2bb35b54136c69590f0f5d302a4d2e9f.png&amp;brizy_crop=iW%3D576%26iH%3D407%26oX%3D16%26oY%3D0%26cW%3D543%26cH%3D407\" alt=\"\" loading=\"lazy\"><\/div>\n<\/div>\n<\/div>\n<\/div>\n<div class=\"brz-columns brz-css-mxfas brz-css-dhzux\" data-custom-id=\"twhkbqqqkzuwbsokiduzdgzguxocefmrlwns\">\n<div class=\"brz-bg overflow-hidden !z-auto absolute top-0 left-0 w-full h-full\"><\/div>\n<div class=\"brz-column__items brz-css-todsb brz-css-sjjfe\">\n<div class=\"brz-row__container brz-css-nroos\" data-custom-id=\"xbqyuixagwecpsxwfguvhdmnplygakiozilp\">\n<div class=\"brz-bg overflow-hidden !z-auto absolute top-0 left-0 w-full h-full\"><\/div>\n<div class=\"brz-row brz-row--inner brz-css-vhwmf brz-css-issiw\">\n<div class=\"brz-columns brz-css-mxfas brz-css-pbmsx\" data-custom-id=\"ylrsyoaiqisqchkbdfcznagqfnmzlvanbjfn\">\n<div class=\"brz-bg overflow-hidden !z-auto absolute top-0 left-0 w-full h-full\"><\/div>\n<div class=\"brz-column__items brz-css-todsb brz-css-iuhny\">\n<div class=\"brz-css-ekjcj brz-wrapper\">\n<div class=\"brz-icon-text brz-css-meenz brz-css-vpuqt\" data-custom-id=\"qwkpdwohewgkcnsikkgutyktyuybgqzouqni\">\n<div class=\"brz-icon__container\" data-custom-id=\"yopuijrormsjjwyzkbxmjucqrekmebhierrz\"><span class=\"brz-icon brz-span brz-css-otlvw brz-css-ehgrz\"><\/span><\/div>\n<div class=\"brz-text-btn\">\n<div class=\"brz-rich-text brz-rich-text__custom brz-css-aphym\" data-custom-id=\"zibwuhazggdiutajssghthfzmxenqdjogsad\">\n<div>\n<p class=\"brz-tp-heading6 brz-css-eelyk\"><span class=\"brz-cp-color2\">Servicios de Psicolog\u00eda Educativa<\/span><\/p>\n<\/div>\n<\/div>\n<\/div>\n<\/div>\n<\/div>\n<div class=\"brz-css-ekjcj brz-wrapper\">\n<div class=\"brz-icon-text brz-css-meenz brz-css-whtgd\" data-custom-id=\"nsymjkqnpkghsomjgtesonuovwqznpsyxvdv\">\n<div class=\"brz-icon__container\" data-custom-id=\"ectpwiduordzqjglibinimqroyumaiykaknm\"><span class=\"brz-icon brz-span brz-css-otlvw brz-css-zyclv\"><\/span><\/div>\n<div class=\"brz-text-btn\">\n<div class=\"brz-rich-text brz-rich-text__custom brz-css-aphym\" data-custom-id=\"gmhnlwslhdmqlyzzybijualnncxualcqgnhp\">\n<div>\n<p class=\"brz-tp-heading6 brz-css-qzthg\"><span class=\"brz-cp-color2\">Terapia de Lenguaje y Escritura<\/span><\/p>\n<\/div>\n<\/div>\n<\/div>\n<\/div>\n<\/div>\n<div class=\"brz-css-ekjcj brz-wrapper\">\n<div class=\"brz-icon-text brz-css-meenz brz-css-yjpgg\" data-custom-id=\"ufmbqsnaslvvsyhtoriztnscnionxivdnsen\">\n<div class=\"brz-icon__container\" data-custom-id=\"vjvrmtruzfsekiuoyjlcrlkdhaiuojecnezt\"><span class=\"brz-icon brz-span brz-css-otlvw brz-css-ncibh\"><\/span><\/div>\n<div class=\"brz-text-btn\">\n<div class=\"brz-rich-text brz-rich-text__custom brz-css-aphym\" data-custom-id=\"dxgrexfkkoviqydbshgxjjsfsfzmjtnogqwu\">\n<div>\n<p class=\"brz-tp-heading6 brz-css-adqwa\"><span class=\"brz-cp-color2\">Tareas Dirigidas escolares<\/span><\/p>\n<\/div>\n<\/div>\n<\/div>\n<\/div>\n<\/div>\n<div class=\"brz-css-ekjcj brz-wrapper\">\n<div class=\"brz-icon-text brz-css-meenz brz-css-injqg\" data-custom-id=\"cmrhywwijqsyrisakumkehjvchbscherdekv\">\n<div class=\"brz-icon__container\" data-custom-id=\"mjiocusjergtzmsseuxrhdcoxjtmvpfhzfzm\"><span class=\"brz-icon brz-span brz-css-otlvw brz-css-oyvng\"><\/span><\/div>\n<div class=\"brz-text-btn\">\n<div class=\"brz-rich-text brz-rich-text__custom brz-css-aphym\" data-custom-id=\"tbldsjuzntvaowpcznfjimqtqhsadhpkldty\">\n<div>\n<p class=\"brz-tp-heading6 brz-css-clzkx\"><span class=\"brz-cp-color2\">Nivelaci\u00f3n Acad\u00e9mica para primaria y secundaria<\/span><\/p>\n<\/div>\n<\/div>\n<\/div>\n<\/div>\n<\/div>\n<div class=\"brz-css-ekjcj brz-wrapper\">\n<div class=\"brz-icon-text brz-css-meenz brz-css-lpkzh\" data-custom-id=\"kjztidwrqigebldybvyoprhcpdxakrkzxikp\">\n<div class=\"brz-icon__container\" data-custom-id=\"fjzwdbcvhkmwqftqeyrqreagfgnqdevcalge\"><span class=\"brz-icon brz-span brz-css-otlvw brz-css-fcrfy\"><\/span><\/div>\n<div class=\"brz-text-btn\">\n<div class=\"brz-rich-text brz-rich-text__custom brz-css-aphym\" data-custom-id=\"itcafshwdqmzikhuaaqfcneaofcqulgbtgvk\">\n<div>\n<p class=\"brz-tp-heading6 brz-css-dambs\"><span class=\"brz-cp-color2\">Digitalizar documentos<\/span><\/p>\n<\/div>\n<\/div>\n<\/div>\n<\/div>\n<\/div>\n<div class=\"brz-css-ekjcj brz-css-eyfff brz-css-gabdz brz-wrapper\">\n<div class=\"brz-spacer brz-css-uzksv brz-css-vmvpc\"><\/div>\n<\/div>\n<div class=\"brz-wrapper-clone brz-css-iffsp\">\n<div class=\"brz-d-xs-flex brz-flex-xs-wrap brz-css-ceutr brz-css-slxhh\">\n<div class=\"brz-wrapper-clone__item brz-css-rnvka\" id=\"trlkbtkcwzvkizvxzkhamkagfptyeyiydfzc\"><a class=\"brz-a brz-btn brz-css-nohiz\" href=\"https:\/\/api.whatsapp.com\/send?phone=593984974773&amp;text=Hola,%20necesito%20m%C3%A1s%20informaci%C3%B3n%F0%9F%97%92%EF%B8%8F%F0%9F%96%8A%EF%B8%8F\" target=\"_self\" rel=\"noopener\" data-brz-link-type=\"external\" data-custom-id=\"trlkbtkcwzvkizvxzkhamkagfptyeyiydfzc\"><span class=\"brz-span brz-text__editor\">WhatsApp<\/span><\/a><\/div>\n<\/div>\n<\/div>\n<\/div>\n<\/div>\n<\/div>\n<\/div>\n<div class=\"brz-css-ekjcj brz-css-eyfff brz-css-kaatp brz-wrapper\">\n<div class=\"brz-spacer brz-css-uzksv brz-css-cushh\"><\/div>\n<\/div>\n<\/div>\n<\/div>\n<\/div>\n<\/div>\n<\/div>\n<\/div>\n<\/section>\n<\/div>\n<p>    <!-- version:1690469874 --><\/p>\n","protected":false},"excerpt":{"rendered":"<p>Plan Infantil Personal capaz de brindar atenci\u00f3n inmediata&nbsp;en cada actividad de sus peque\u00f1os;&nbsp;con amor, respeto y paciencia. Experta en cuidar la alimentaci\u00f3n, salud, educaci\u00f3n, higiene y seguridad del ni\u00f1o, la misma&nbsp;estar\u00e1 sujeta a los principios e indicaciones de los padres o personas responsables del infante; los mismos que garanticen el cumplimiento de los derechos del [&hellip;]<\/p>\n","protected":false},"author":1,"featured_media":0,"parent":0,"menu_order":50,"comment_status":"closed","ping_status":"closed","template":"","meta":{"om_disable_all_campaigns":false,"_monsterinsights_skip_tracking":false,"_monsterinsights_sitenote_active":false,"_monsterinsights_sitenote_note":"","_monsterinsights_sitenote_category":0,"footnotes":""},"class_list":["post-837","page","type-page","status-publish","hentry"],"_links":{"self":[{"href":"https:\/\/faasecuador.com\/index.php\/wp-json\/wp\/v2\/pages\/837","targetHints":{"allow":["GET"]}}],"collection":[{"href":"https:\/\/faasecuador.com\/index.php\/wp-json\/wp\/v2\/pages"}],"about":[{"href":"https:\/\/faasecuador.com\/index.php\/wp-json\/wp\/v2\/types\/page"}],"author":[{"embeddable":true,"href":"https:\/\/faasecuador.com\/index.php\/wp-json\/wp\/v2\/users\/1"}],"replies":[{"embeddable":true,"href":"https:\/\/faasecuador.com\/index.php\/wp-json\/wp\/v2\/comments?post=837"}],"version-history":[{"count":30,"href":"https:\/\/faasecuador.com\/index.php\/wp-json\/wp\/v2\/pages\/837\/revisions"}],"predecessor-version":[{"id":1209,"href":"https:\/\/faasecuador.com\/index.php\/wp-json\/wp\/v2\/pages\/837\/revisions\/1209"}],"wp:attachment":[{"href":"https:\/\/faasecuador.com\/index.php\/wp-json\/wp\/v2\/media?parent=837"}],"curies":[{"name":"wp","href":"https:\/\/api.w.org\/{rel}","templated":true}]}}