{"id":824,"date":"2021-05-02T17:59:30","date_gmt":"2021-05-02T17:59:30","guid":{"rendered":"https:\/\/faasecuador.com\/?page_id=824"},"modified":"2023-07-27T14:57:12","modified_gmt":"2023-07-27T14:57:12","slug":"salud","status":"publish","type":"page","link":"https:\/\/faasecuador.com\/index.php\/salud\/","title":{"rendered":"SALUD"},"content":{"rendered":"<div class=\"brz-root__container brz-reset-all\">\n<section data-uid=\"auhubixyigcjdlbrbhqiemltghqbpcbeffay\" id=\"auhubixyigcjdlbrbhqiemltghqbpcbeffay\" class=\"brz-section brz-css-xgbmj brz-css-xflqp\">\n<div class=\"brz-slick-slider brz-slick-slider__section\" data-slides-to-show=\"1\" data-slides-to-scroll=\"1\" data-arrows=\"true\" data-dots=\"true\" data-dots-class=\"brz-slick-slider__dots brz-slick-slider__dots--circle\" data-fade=\"false\" data-vertical=\"false\" data-auto-play=\"true\" data-auto-play-speed=\"5000\" data-swipe=\"true\" data-responsive=\"%5B%7B%22breakpoint%22%3A767%2C%22settings%22%3A%7B%22slidesToShow%22%3A1%2C%22slidesToScroll%22%3A1%7D%7D%5D\">\n<div>\n<div class=\"brz-section__content brz-section--boxed brz-css-kuycp brz-css-rsrkf\" data-custom-id=\"tcjrjmizaufqiyzsyirtjcvsdtkpgtiddyui\">\n<div class=\"brz-bg overflow-hidden !z-auto absolute top-0 left-0 w-full h-full\">\n<div class=\"brz-bg-image absolute left-0 w-full bg-no-repeat top-0 h-full bg-cover\"><\/div>\n<\/div>\n<div class=\"brz-container brz-css-frwfy\"><\/div>\n<\/div>\n<\/div>\n<div>\n<div class=\"brz-section__content brz-section--boxed brz-css-kuycp brz-css-dibcb\" data-custom-id=\"ebynimxfkamdfzekikjgjipwmwmvmilylnwj\">\n<div class=\"brz-bg overflow-hidden !z-auto absolute top-0 left-0 w-full h-full\">\n<div class=\"brz-bg-image absolute left-0 w-full bg-no-repeat top-0 h-full bg-cover\"><\/div>\n<\/div>\n<div class=\"brz-container brz-css-frwfy\"><\/div>\n<\/div>\n<\/div>\n<\/div>\n<\/section>\n<section data-uid=\"yriwzxmngzmqcfnzryiesizfhvlmovhwouod\" id=\"yriwzxmngzmqcfnzryiesizfhvlmovhwouod\" class=\"brz-section brz-css-xgbmj\">\n<div class=\"brz-section__content brz-section--boxed brz-css-kuycp brz-css-xdngw\" data-custom-id=\"cvkgxzvwypxcijaijgnkvdjunnufgisqibwr\">\n<div class=\"brz-bg overflow-hidden !z-auto absolute top-0 left-0 w-full h-full\">\n<div class=\"brz-bg-color absolute top-0 left-0 w-full h-full\"><\/div>\n<\/div>\n<div class=\"brz-container brz-css-frwfy\">\n<div class=\"brz-row__container brz-css-lnjlp\" data-custom-id=\"ruwbixbwhopthnroebpctkfabpsnqpxmfbhi\">\n<div class=\"brz-bg overflow-hidden !z-auto absolute top-0 left-0 w-full h-full\"><\/div>\n<div class=\"brz-row brz-css-pzuld brz-css-plcol\">\n<div class=\"brz-columns brz-css-mxjtr brz-css-dmokj\" data-custom-id=\"wwmzoboyqxgdriiujlifjqpaoypvdiuisbaa\">\n<div class=\"brz-bg overflow-hidden !z-auto absolute top-0 left-0 w-full h-full\"><\/div>\n<div class=\"brz-column__items brz-css-tpnsk brz-css-kmsur\">\n<div class=\"brz-css-mkbro brz-wrapper\">\n<div class=\"brz-rich-text brz-rich-text__custom brz-css-rsxkx\" data-custom-id=\"zpnrynboooiaagqlukyslmxcvewbwwzorfaf\">\n<div>\n<h1 class=\"brz-tp-heading1 brz-text-xs-center brz-css-jbria\"><span class=\"brz-cp-color2\">Plan de Enfermer\u00eda<\/span><\/h1>\n<\/div>\n<\/div>\n<\/div>\n<div class=\"brz-css-mkbro brz-css-kiazw brz-wrapper\">\n<div class=\"brz-rich-text brz-rich-text__custom brz-css-rsxkx\" data-custom-id=\"ljvyzgkaqnsywtjskoseahqtkaaimkhirhhg\">\n<div>\n<p class=\"brz-text-lg-justify brz-tp-subtitle brz-text-xs-left brz-css-pdxbl\"><span class=\"brz-cp-color7\">La atenci\u00f3n re\u00fane los servicios que coordinan la asistencia curativa, de acompa\u00f1amiento, social y educativa de colectivos en situaci\u00f3n de dependencia como los son; adultos mayores, enfermos cr\u00f3nicos o con enfermedades catastr\u00f3ficas y personas con discapacidad f\u00edsica total o parcial, ps\u00edquica o sensorial. En especial, se busca el aumento de la autonom\u00eda del usuario, disminuir sus limitaciones o sufrimientos y facilitar su reinserci\u00f3n social. La prestaci\u00f3n sociosanitaria es un servicio cuya responsabilidad ha estado trasladada tradicionalmente a los miembros de las familias, en donde nuestro personal busca brindar apoyo familiar a domicilio, a fin de que todos los integrantes del hogar disfruten una mejor calidad de vida para que as\u00ed puedan desarrollar sus actividades cotidianas con mayor tranquilidad. Sabemos que cada miembro de la familia es importante en el hogar, por ello contamos con personal capaz de brindar atenci\u00f3n inmediata&nbsp;en cada actividad del usuario&nbsp;con afecto y calor familiar.<\/span><\/p>\n<\/div>\n<\/div>\n<\/div>\n<\/div>\n<\/div>\n<div class=\"brz-columns brz-css-mxjtr brz-css-zyact\" data-custom-id=\"rumwkytwonwccuzoqkomclzptfjklijzampv\">\n<div class=\"brz-bg overflow-hidden !z-auto absolute top-0 left-0 w-full h-full\"><\/div>\n<div class=\"brz-column__items brz-css-tpnsk\">\n<div class=\"brz-css-mkbro brz-css-gnxuk brz-wrapper\">\n<div class=\"brz-image brz-css-ycxdm brz-css-nxpod\" data-custom-id=\"pfzjmthxayvsjygrnsmxxahaneuilzggcazf\"><img decoding=\"async\" class=\"brz-img\" src=\"https:\/\/faasecuador.com\/?brizy_media=wp-8b6e104df40ba8725f547062c56fc79e.jpg&amp;brizy_crop=iW%3D566%26iH%3D386%26oX%3D0%26oY%3D0%26cW%3D566%26cH%3D386\" alt=\"\" loading=\"lazy\"><\/div>\n<\/div>\n<\/div>\n<\/div>\n<\/div>\n<\/div>\n<div class=\"brz-css-mkbro brz-css-qjdcn brz-wrapper\">\n<div class=\"brz-rich-text brz-rich-text__custom brz-css-rsxkx\" data-custom-id=\"bmcjyofmulcdauaigiktrouxhrjhqrhtkpxm\">\n<div>\n<p class=\"brz-tp-paragraph brz-text-lg-justify brz-text-xs-left brz-css-llaql\"><span class=\"brz-cp-color7\">En el caso de nuestros ancianitos, creemos que son un verdadero ejemplo de amor, sabidur\u00eda y fuerza, por ello buscamos aportar al bienestar humano. Nuestro personal se encargar\u00e1 de cuidar la alimentaci\u00f3n, salud y seguridad del mismo,&nbsp;para lo cual estaremos sujetos a las indicaciones del familiar y M\u00e9dico tratante; para as\u00ed poder guiarlos a realizar actividades que faciliten su progreso a la salud f\u00edsica y emocional. Nos comprometemos a acompa\u00f1arlos en todas sus funciones que aporten al confort del mismo, asistiendo e interactuando de manera oportuna en las diligencias de salud y chequeos m\u00e9dicos. Nuestro personal aporta a la calidad de vida de toda la familia y del bienestar de nuestros pacientes, cumpliendo con todas las normas de bioseguridad vigentes.<\/span><\/p>\n<\/div>\n<\/div>\n<\/div>\n<div class=\"brz-wrapper-clone brz-css-szyhn\">\n<div class=\"brz-d-xs-flex brz-flex-xs-wrap brz-css-aolke brz-css-wudig\">\n<div class=\"brz-wrapper-clone__item brz-css-fnmsn\" id=\"pxclyyzycvpadulojbrjknpgqppdeooldima\"><a class=\"brz-a brz-btn brz-css-qxths brz-css-malux\" href=\"https:\/\/api.whatsapp.com\/send?phone=593984974773&amp;text=Hola,%20necesito%20m%C3%A1s%20informaci%C3%B3n%F0%9F%97%92%EF%B8%8F%F0%9F%96%8A%EF%B8%8F\" target=\"_self\" rel=\"noopener\" data-brz-link-type=\"external\" data-custom-id=\"pxclyyzycvpadulojbrjknpgqppdeooldima\"><span class=\"brz-span brz-text__editor\">WhatsApp<\/span><\/a><\/div>\n<\/div>\n<\/div>\n<\/div>\n<\/div>\n<\/section>\n<section data-uid=\"xnqqqwgoniedkdsnnuwvxznigrycljfzecuh\" id=\"xnqqqwgoniedkdsnnuwvxznigrycljfzecuh\" class=\"brz-section brz-css-xgbmj\">\n<div class=\"brz-section__content brz-section--boxed brz-css-kuycp brz-css-xwsqx\" data-custom-id=\"utktkkdgcbtswdzwnraudpsxvwnkfjmzadzb\">\n<div class=\"brz-bg overflow-hidden !z-auto absolute top-0 left-0 w-full h-full\">\n<div class=\"brz-bg-color absolute top-0 left-0 w-full h-full\"><\/div>\n<\/div>\n<div class=\"brz-container brz-css-frwfy\">\n<div class=\"brz-css-mkbro brz-wrapper\">\n<div class=\"brz-rich-text brz-rich-text__custom brz-css-rsxkx\" data-custom-id=\"pxxccpxhxnxufnsipbahssacyohjvenidiwe\">\n<div>\n<h1 class=\"brz-text-lg-center brz-tp-heading1 brz-css-svkfv\"><span class=\"brz-cp-color2\">SERVICIOS ESPEC\u00cdFICOS<\/span><\/h1>\n<\/div>\n<\/div>\n<\/div>\n<div class=\"brz-css-mkbro brz-css-lhsuk brz-css-nvzuo brz-wrapper\">\n<div class=\"brz-spacer brz-css-qtpmc brz-css-noqtm\"><\/div>\n<\/div>\n<div class=\"brz-row__container brz-css-lnjlp\" data-custom-id=\"sdsosibcvzwkhkknzswwjlrgwozilglgtqru\">\n<div class=\"brz-bg overflow-hidden !z-auto absolute top-0 left-0 w-full h-full\"><\/div>\n<div class=\"brz-row brz-css-pzuld brz-css-plcol\">\n<div class=\"brz-columns brz-css-mxjtr brz-css-lzbmk\" data-custom-id=\"vhovmgzbndtuckubgyzhsjoqidtiamuxfykz\">\n<div class=\"brz-bg overflow-hidden !z-auto absolute top-0 left-0 w-full h-full\"><\/div>\n<div class=\"brz-column__items brz-css-tpnsk\">\n<div class=\"brz-css-mkbro brz-css-lyfgd brz-wrapper\">\n<div class=\"brz-image brz-css-yjnmx\" data-custom-id=\"xbrkohvdbnasdgtarishghzmtxujgpoesmek\"><img decoding=\"async\" class=\"brz-img\" src=\"https:\/\/faasecuador.com\/?brizy_media=wp-b69003ad2fbaa2a78fbb76edc371397e.jpg&amp;brizy_crop=iW%3D608%26iH%3D406%26oX%3D65%26oY%3D0%26cW%3D543%26cH%3D406\" alt=\"\" loading=\"lazy\"><\/div>\n<\/div>\n<\/div>\n<\/div>\n<div class=\"brz-columns brz-css-mxjtr brz-css-qncii\" data-custom-id=\"gbsiilzbhvcgzhvhoenifcjndtwvcwtxufqm\">\n<div class=\"brz-bg overflow-hidden !z-auto absolute top-0 left-0 w-full h-full\"><\/div>\n<div class=\"brz-column__items brz-css-tpnsk brz-css-kdgwi\">\n<div class=\"brz-row__container brz-css-lnjlp\" data-custom-id=\"obzityohwtyhfmxmqvrmwfdxvxtwufwithux\">\n<div class=\"brz-bg overflow-hidden !z-auto absolute top-0 left-0 w-full h-full\"><\/div>\n<div class=\"brz-row brz-row--inner brz-css-pzuld brz-css-plcol\">\n<div class=\"brz-columns brz-css-mxjtr brz-css-qnkvg\" data-custom-id=\"fcpbzjluzpfmpxjqidygkqnjhmchdoczkjku\">\n<div class=\"brz-bg overflow-hidden !z-auto absolute top-0 left-0 w-full h-full\"><\/div>\n<div class=\"brz-column__items brz-css-tpnsk brz-css-bxedt\">\n<div class=\"brz-css-mkbro brz-wrapper\">\n<div class=\"brz-icon-text brz-css-lxtvg brz-css-iugqj\" data-custom-id=\"ohichgsyganjxutcrggrfauchpkabjunzjgz\">\n<div class=\"brz-icon__container\" data-custom-id=\"xptiygswgcikjyvipmrqnnqxwoqhsrxgayho\"><span class=\"brz-icon brz-span brz-css-jqmtz brz-css-hqxlm\"><\/span><\/div>\n<div class=\"brz-text-btn\">\n<div class=\"brz-rich-text brz-rich-text__custom brz-css-rsxkx\" data-custom-id=\"oufhnxzvnukzailuefgdjtsfaovnuqjxxpke\">\n<div>\n<p class=\"brz-tp-heading6 brz-css-uetca\"><span class=\"brz-cp-color2\">Atenci\u00f3n integral de enfermer\u00eda a domicilio<\/span><\/p>\n<\/div>\n<\/div>\n<\/div>\n<\/div>\n<\/div>\n<div class=\"brz-css-mkbro brz-wrapper\">\n<div class=\"brz-icon-text brz-css-lxtvg brz-css-asqxy\" data-custom-id=\"okndoaazqzjlfwfiwdkbimfoggmtbfvgdtxi\">\n<div class=\"brz-icon__container\" data-custom-id=\"hxxrlgzjfigzzuvfqspxutwtfybzjaqyhqwc\"><span class=\"brz-icon brz-span brz-css-jqmtz brz-css-ajbyj\"><\/span><\/div>\n<div class=\"brz-text-btn\">\n<div class=\"brz-rich-text brz-rich-text__custom brz-css-rsxkx\" data-custom-id=\"saxcpzwooyahsngtppyidqqlygwsrnlgffmi\">\n<div>\n<p class=\"brz-tp-heading6 brz-css-rtfjz\"><span class=\"brz-cp-color2\">Asistencia y seguimiento a pacientes en hospitalizaci\u00f3n<\/span><\/p>\n<\/div>\n<\/div>\n<\/div>\n<\/div>\n<\/div>\n<div class=\"brz-css-mkbro brz-wrapper\">\n<div class=\"brz-icon-text brz-css-lxtvg brz-css-zhtkz\" data-custom-id=\"avabieiujaigfomxetulksbxontkwivnupqv\">\n<div class=\"brz-icon__container\" data-custom-id=\"lztighatldbfpobfzrfjtweknxwhtpcofjel\"><span class=\"brz-icon brz-span brz-css-jqmtz brz-css-zxcrw\"><\/span><\/div>\n<div class=\"brz-text-btn\">\n<div class=\"brz-rich-text brz-rich-text__custom brz-css-rsxkx\" data-custom-id=\"hiyrgulplykskzhnoftkrovkoqafujboljnf\">\n<div>\n<p class=\"brz-tp-heading6 brz-css-bhwgo\"><span class=\"brz-cp-color2\">Cuidado a pacientes adultos mayores<\/span><\/p>\n<\/div>\n<\/div>\n<\/div>\n<\/div>\n<\/div>\n<div class=\"brz-css-mkbro brz-wrapper\">\n<div class=\"brz-icon-text brz-css-lxtvg brz-css-mioun\" data-custom-id=\"aebbyafpfdqgglcbneoiwbffkpbhwxmwymlz\">\n<div class=\"brz-icon__container\" data-custom-id=\"kiaytmermpfxofgeicfplofxbgtmslbhkpuj\"><span class=\"brz-icon brz-span brz-css-jqmtz brz-css-nwafp\"><\/span><\/div>\n<div class=\"brz-text-btn\">\n<div class=\"brz-rich-text brz-rich-text__custom brz-css-rsxkx\" data-custom-id=\"ocjtvhtjwglhrisippaiggjwmlemomvtxcfm\">\n<div>\n<p class=\"brz-tp-heading6 brz-css-pxhjp\"><span class=\"brz-cp-color2\">Cuidado a pacientes con discapacidades especiales<\/span><\/p>\n<\/div>\n<\/div>\n<\/div>\n<\/div>\n<\/div>\n<div class=\"brz-css-mkbro brz-wrapper\">\n<div class=\"brz-icon-text brz-css-lxtvg brz-css-vjxgi\" data-custom-id=\"ytasclbsxiwhxtaqccjtmsnoeepgtkayhblw\">\n<div class=\"brz-icon__container\" data-custom-id=\"qjnyfpudejbblfonnyauuqlarcqonvwifmdi\"><span class=\"brz-icon brz-span brz-css-jqmtz brz-css-wyczf\"><\/span><\/div>\n<div class=\"brz-text-btn\">\n<div class=\"brz-rich-text brz-rich-text__custom brz-css-rsxkx\" data-custom-id=\"ztltfrmtyufykhjkveduljomkeicpdevoyey\">\n<div>\n<p class=\"brz-tp-heading6 brz-css-usalk\"><span class=\"brz-cp-color2\">Cuidado a enfermos cr\u00f3nicos y con enfermedades catastr\u00f3ficas<\/span><\/p>\n<\/div>\n<\/div>\n<\/div>\n<\/div>\n<\/div>\n<div class=\"brz-css-mkbro brz-wrapper\">\n<div class=\"brz-icon-text brz-css-lxtvg brz-css-iauec\" data-custom-id=\"njiswcwkffxskcnyggeidaahjifildprjmdc\">\n<div class=\"brz-icon__container\" data-custom-id=\"rhuwahanwxjwybcgndousqhdxisuvfhzrxps\"><span class=\"brz-icon brz-span brz-css-jqmtz brz-css-uaitx\"><\/span><\/div>\n<div class=\"brz-text-btn\">\n<div class=\"brz-rich-text brz-rich-text__custom brz-css-rsxkx\" data-custom-id=\"witdbmissglermeivpbhalrepyydahdnlaro\">\n<div>\n<p class=\"brz-tp-heading6 brz-css-ezvkt\"><span class=\"brz-cp-color2\">Cuidado a pacientes post operatorios<\/span><\/p>\n<\/div>\n<\/div>\n<\/div>\n<\/div>\n<\/div>\n<div class=\"brz-css-mkbro brz-wrapper\">\n<div class=\"brz-icon-text brz-css-lxtvg brz-css-dodmy\" data-custom-id=\"ulinckbpqnmydghgkytfkmaxfyvnxtqpiocp\">\n<div class=\"brz-icon__container\" data-custom-id=\"batjsoklgmjlmfqaeycnpgvqwyugjzvcvymy\"><span class=\"brz-icon brz-span brz-css-jqmtz brz-css-bkcan\"><\/span><\/div>\n<div class=\"brz-text-btn\">\n<div class=\"brz-rich-text brz-rich-text__custom brz-css-rsxkx\" data-custom-id=\"tcgjczfqflngbodskdtqcxztmjgtoybxzzck\">\n<div>\n<p class=\"brz-tp-heading6 brz-css-cpvzi\"><span class=\"brz-cp-color2\">Asistencia y cuidado a mujeres en estado de gestaci\u00f3n<\/span>\t<\/p>\n<\/div>\n<\/div>\n<\/div>\n<\/div>\n<\/div>\n<div class=\"brz-css-mkbro brz-css-lhsuk brz-css-rdbsf brz-wrapper\">\n<div class=\"brz-spacer brz-css-qtpmc brz-css-zspwf\"><\/div>\n<\/div>\n<div class=\"brz-wrapper-clone brz-css-szyhn\">\n<div class=\"brz-d-xs-flex brz-flex-xs-wrap brz-css-aolke brz-css-elkqq\">\n<div class=\"brz-wrapper-clone__item brz-css-fnmsn\" id=\"nwmibskezrfvzbsvdqznjfcctcyzomkrahsa\"><a class=\"brz-a brz-btn brz-css-qxths brz-css-ydcfv\" href=\"https:\/\/api.whatsapp.com\/send?phone=593984974773&amp;text=Hola,%20necesito%20m%C3%A1s%20informaci%C3%B3n%F0%9F%97%92%EF%B8%8F%F0%9F%96%8A%EF%B8%8F\" target=\"_self\" rel=\"noopener\" data-brz-link-type=\"external\" data-custom-id=\"nwmibskezrfvzbsvdqznjfcctcyzomkrahsa\"><span class=\"brz-span brz-text__editor\">WhatsApp<\/span><\/a><\/div>\n<\/div>\n<\/div>\n<\/div>\n<\/div>\n<\/div>\n<\/div>\n<div class=\"brz-css-mkbro brz-css-lhsuk brz-css-etppz brz-wrapper\">\n<div class=\"brz-spacer brz-css-qtpmc brz-css-amynu\"><\/div>\n<\/div>\n<\/div>\n<\/div>\n<\/div>\n<\/div>\n<\/div>\n<\/div>\n<\/section>\n<section data-uid=\"mhjwbtagrsodzdmsdjdgtduravpdljnlnvnz\" id=\"mhjwbtagrsodzdmsdjdgtduravpdljnlnvnz\" class=\"brz-section brz-css-xgbmj\">\n<div class=\"brz-section__content brz-section--boxed brz-css-kuycp brz-css-twziy\" data-custom-id=\"mrcsyjkbmkexqvonjpvwaksgemkwbctshfjy\">\n<div class=\"brz-bg overflow-hidden !z-auto absolute top-0 left-0 w-full h-full\">\n<div class=\"brz-bg-color absolute top-0 left-0 w-full h-full\"><\/div>\n<\/div>\n<div class=\"brz-container brz-css-frwfy\">\n<div class=\"brz-css-mkbro brz-wrapper\">\n<div class=\"brz-rich-text brz-rich-text__custom brz-css-rsxkx\" data-custom-id=\"cbnyttnvmiviatqihskjsycxpuynfojhvyst\">\n<div>\n<h1 class=\"brz-tp-heading1 brz-text-lg-center brz-css-vsyrf\"><span class=\"brz-cp-color2\">SERVICIOS ADICIONALES<\/span><\/h1>\n<\/div>\n<\/div>\n<\/div>\n<div class=\"brz-css-mkbro brz-css-lhsuk brz-css-zmyqv brz-wrapper\">\n<div class=\"brz-spacer brz-css-qtpmc brz-css-atazi\"><\/div>\n<\/div>\n<div class=\"brz-row__container brz-css-lnjlp\" data-custom-id=\"tggltwxhvrzpvrybjbalshvvkejmvrewkctn\">\n<div class=\"brz-bg overflow-hidden !z-auto absolute top-0 left-0 w-full h-full\"><\/div>\n<div class=\"brz-row brz-css-pzuld brz-css-plcol\">\n<div class=\"brz-columns brz-css-mxjtr brz-css-dnims\" data-custom-id=\"krmfwsvkegmkexsidwsdsjdneuaompubxqie\">\n<div class=\"brz-bg overflow-hidden !z-auto absolute top-0 left-0 w-full h-full\"><\/div>\n<div class=\"brz-column__items brz-css-tpnsk brz-css-gfuug\">\n<div class=\"brz-row__container brz-css-lnjlp\" data-custom-id=\"vkvtgkiqwinlvdfzxquflgaeqeaeatfaxhex\">\n<div class=\"brz-bg overflow-hidden !z-auto absolute top-0 left-0 w-full h-full\"><\/div>\n<div class=\"brz-row brz-row--inner brz-css-pzuld brz-css-plcol\">\n<div class=\"brz-columns brz-css-mxjtr brz-css-jpboq\" data-custom-id=\"zfzixdlwewfqwbbmhmdnuzsizrqurbuhskvb\">\n<div class=\"brz-bg overflow-hidden !z-auto absolute top-0 left-0 w-full h-full\"><\/div>\n<div class=\"brz-column__items brz-css-tpnsk brz-css-dxshq\">\n<div class=\"brz-css-mkbro brz-wrapper\">\n<div class=\"brz-icon-text brz-css-lxtvg brz-css-nvvmv\" data-custom-id=\"jurczfcpvuukuqwtilnvmlyduhsayjfmfrjj\">\n<div class=\"brz-icon__container\" data-custom-id=\"wqpspznyupqmftzadllwqrrgzcrazbwsrsto\"><span class=\"brz-icon brz-span brz-css-jqmtz brz-css-yeukn\"><\/span><\/div>\n<div class=\"brz-text-btn\">\n<div class=\"brz-rich-text brz-rich-text__custom brz-css-rsxkx\" data-custom-id=\"qxaaeielvbxukgtzooxvgqwfkdinttmxupkw\">\n<div>\n<p class=\"brz-tp-heading6 brz-css-evscb\"><span class=\"brz-cp-color2\">Servicios de fisioterapia y\/o rehabilitaci\u00f3n<\/span><\/p>\n<\/div>\n<\/div>\n<\/div>\n<\/div>\n<\/div>\n<div class=\"brz-css-mkbro brz-wrapper\">\n<div class=\"brz-icon-text brz-css-lxtvg brz-css-xgbdz\" data-custom-id=\"mzpourvljarxlissqhhxmtxvqeldaxolozco\">\n<div class=\"brz-icon__container\" data-custom-id=\"ngpueepwtqyxznnfabqbvegzpgstoncbuzzz\"><span class=\"brz-icon brz-span brz-css-jqmtz brz-css-dsyqm\"><\/span><\/div>\n<div class=\"brz-text-btn\">\n<div class=\"brz-rich-text brz-rich-text__custom brz-css-rsxkx\" data-custom-id=\"zrteyzldnhdekwuqofglvzfxbndgsyvbcvlb\">\n<div>\n<p class=\"brz-tp-heading6 brz-css-oqvbu\"><span class=\"brz-cp-color2\">Servicios de podolog\u00eda<\/span><\/p>\n<\/div>\n<\/div>\n<\/div>\n<\/div>\n<\/div>\n<div class=\"brz-css-mkbro brz-css-lhsuk brz-css-qtebu brz-wrapper\">\n<div class=\"brz-spacer brz-css-qtpmc brz-css-oxhgz\"><\/div>\n<\/div>\n<div class=\"brz-wrapper-clone brz-css-szyhn\">\n<div class=\"brz-d-xs-flex brz-flex-xs-wrap brz-css-aolke brz-css-sljwe\">\n<div class=\"brz-wrapper-clone__item brz-css-fnmsn\" id=\"gzcvhkopjwbxvturkjrkyjvovelheepmmmxf\"><a class=\"brz-a brz-btn brz-css-qxths brz-css-cbfuv\" href=\"https:\/\/api.whatsapp.com\/send?phone=593984974773&amp;text=Hola,%20necesito%20m%C3%A1s%20informaci%C3%B3n%F0%9F%97%92%EF%B8%8F%F0%9F%96%8A%EF%B8%8F\" target=\"_self\" rel=\"noopener\" data-brz-link-type=\"external\" data-custom-id=\"gzcvhkopjwbxvturkjrkyjvovelheepmmmxf\"><span class=\"brz-span brz-text__editor\">WhatsApp<\/span><\/a><\/div>\n<\/div>\n<\/div>\n<\/div>\n<\/div>\n<\/div>\n<\/div>\n<div class=\"brz-css-mkbro brz-css-lhsuk brz-css-rpmci brz-wrapper\">\n<div class=\"brz-spacer brz-css-qtpmc brz-css-xetwq\"><\/div>\n<\/div>\n<\/div>\n<\/div>\n<div class=\"brz-columns brz-css-mxjtr brz-css-ipors\" data-custom-id=\"cyiegwmxjzwivkwfdexabowfghllqjsktlgi\">\n<div class=\"brz-bg overflow-hidden !z-auto absolute top-0 left-0 w-full h-full\"><\/div>\n<div class=\"brz-column__items brz-css-tpnsk\">\n<div class=\"brz-css-mkbro brz-wrapper\">\n<div class=\"brz-image brz-css-gyidw\" data-custom-id=\"vydcwcooemtcziyxwltwwxmwjyfntlnvnaqm\"><img decoding=\"async\" class=\"brz-img\" src=\"https:\/\/faasecuador.com\/?brizy_media=wp-c6047d2e53c19e895e95cea9952f7c9c.jpg&amp;brizy_crop=iW%3D543%26iH%3D407%26oX%3D0%26oY%3D0%26cW%3D543%26cH%3D407\" alt=\"\" loading=\"lazy\"><\/div>\n<\/div>\n<\/div>\n<\/div>\n<\/div>\n<\/div>\n<\/div>\n<\/div>\n<\/section>\n<\/div>\n<p>    <!-- version:1690469832 --><\/p>\n","protected":false},"excerpt":{"rendered":"<p>Plan de Enfermer\u00eda La atenci\u00f3n re\u00fane los servicios que coordinan la asistencia curativa, de acompa\u00f1amiento, social y educativa de colectivos en situaci\u00f3n de dependencia como los son; adultos mayores, enfermos cr\u00f3nicos o con enfermedades catastr\u00f3ficas y personas con discapacidad f\u00edsica total o parcial, ps\u00edquica o sensorial. En especial, se busca el aumento de la autonom\u00eda [&hellip;]<\/p>\n","protected":false},"author":1,"featured_media":0,"parent":0,"menu_order":40,"comment_status":"closed","ping_status":"closed","template":"","meta":{"om_disable_all_campaigns":false,"_monsterinsights_skip_tracking":false,"_monsterinsights_sitenote_active":false,"_monsterinsights_sitenote_note":"","_monsterinsights_sitenote_category":0,"footnotes":""},"class_list":["post-824","page","type-page","status-publish","hentry"],"_links":{"self":[{"href":"https:\/\/faasecuador.com\/index.php\/wp-json\/wp\/v2\/pages\/824","targetHints":{"allow":["GET"]}}],"collection":[{"href":"https:\/\/faasecuador.com\/index.php\/wp-json\/wp\/v2\/pages"}],"about":[{"href":"https:\/\/faasecuador.com\/index.php\/wp-json\/wp\/v2\/types\/page"}],"author":[{"embeddable":true,"href":"https:\/\/faasecuador.com\/index.php\/wp-json\/wp\/v2\/users\/1"}],"replies":[{"embeddable":true,"href":"https:\/\/faasecuador.com\/index.php\/wp-json\/wp\/v2\/comments?post=824"}],"version-history":[{"count":30,"href":"https:\/\/faasecuador.com\/index.php\/wp-json\/wp\/v2\/pages\/824\/revisions"}],"predecessor-version":[{"id":1206,"href":"https:\/\/faasecuador.com\/index.php\/wp-json\/wp\/v2\/pages\/824\/revisions\/1206"}],"wp:attachment":[{"href":"https:\/\/faasecuador.com\/index.php\/wp-json\/wp\/v2\/media?parent=824"}],"curies":[{"name":"wp","href":"https:\/\/api.w.org\/{rel}","templated":true}]}}