{"id":783,"date":"2021-04-25T22:36:40","date_gmt":"2021-04-25T22:36:40","guid":{"rendered":"https:\/\/faasecuador.com\/?page_id=783"},"modified":"2023-07-27T14:57:22","modified_gmt":"2023-07-27T14:57:22","slug":"responsabilidad-social","status":"publish","type":"page","link":"https:\/\/faasecuador.com\/index.php\/responsabilidad-social\/","title":{"rendered":"Responsabilidad Social"},"content":{"rendered":"<div class=\"brz-root__container brz-reset-all\">\n<section data-uid=\"dvlarfhxxkktlbnykwtinuldytcagcwdxevj\" id=\"dvlarfhxxkktlbnykwtinuldytcagcwdxevj\" class=\"brz-section brz-css-fmcaf brz-css-pgnog\">\n<div class=\"brz-slick-slider brz-slick-slider__section\" data-slides-to-show=\"1\" data-slides-to-scroll=\"1\" data-arrows=\"true\" data-dots=\"true\" data-dots-class=\"brz-slick-slider__dots brz-slick-slider__dots--circle\" data-fade=\"false\" data-vertical=\"false\" data-auto-play=\"true\" data-auto-play-speed=\"5000\" data-swipe=\"true\" data-responsive=\"%5B%7B%22breakpoint%22%3A767%2C%22settings%22%3A%7B%22slidesToShow%22%3A1%2C%22slidesToScroll%22%3A1%7D%7D%5D\">\n<div>\n<div class=\"brz-section__content brz-section--boxed brz-css-jsoht brz-css-mfgij\" data-custom-id=\"hkjmliknhnrhphttexilvbuhjfvawgmpnwmo\">\n<div class=\"brz-bg overflow-hidden !z-auto absolute top-0 left-0 w-full h-full\">\n<div class=\"brz-bg-image absolute left-0 w-full bg-no-repeat top-0 h-full bg-cover\"><\/div>\n<\/div>\n<div class=\"brz-container brz-css-ixnap\">\n<div class=\"brz-css-ljuym brz-css-bkydt brz-css-eqqwg brz-wrapper\">\n<div class=\"brz-spacer brz-css-fqhtm brz-css-vefzs\"><\/div>\n<\/div>\n<\/div>\n<\/div>\n<\/div>\n<div>\n<div class=\"brz-section__content brz-section--boxed brz-css-jsoht brz-css-xioth\" data-custom-id=\"ravpnmjqruthwbpqpmirsxnzitmejsgwxtdf\">\n<div class=\"brz-bg overflow-hidden !z-auto absolute top-0 left-0 w-full h-full\">\n<div class=\"brz-bg-image absolute left-0 w-full bg-no-repeat top-0 h-full bg-cover\"><\/div>\n<\/div>\n<div class=\"brz-container brz-css-ixnap\">\n<div class=\"brz-css-ljuym brz-css-bkydt brz-css-rhghj brz-wrapper\">\n<div class=\"brz-spacer brz-css-fqhtm brz-css-wpaeg\"><\/div>\n<\/div>\n<\/div>\n<\/div>\n<\/div>\n<div>\n<div class=\"brz-section__content brz-section--boxed brz-css-jsoht brz-css-laaym\" data-custom-id=\"icftdmtkfkenqednxuvanktecdtfxowwvhzc\">\n<div class=\"brz-bg overflow-hidden !z-auto absolute top-0 left-0 w-full h-full\">\n<div class=\"brz-bg-image absolute left-0 w-full bg-no-repeat top-0 h-full bg-cover\"><\/div>\n<\/div>\n<div class=\"brz-container brz-css-ixnap\">\n<div class=\"brz-css-ljuym brz-css-bkydt brz-css-qrhka brz-wrapper\">\n<div class=\"brz-spacer brz-css-fqhtm brz-css-lvhbv\"><\/div>\n<\/div>\n<\/div>\n<\/div>\n<\/div>\n<\/div>\n<\/section>\n<section data-uid=\"fynwwpsroritsqzrpcsjxrtraxhuvsgpcenu\" id=\"fynwwpsroritsqzrpcsjxrtraxhuvsgpcenu\" class=\"brz-section brz-css-fmcaf\">\n<div class=\"brz-section__content brz-section--boxed brz-css-jsoht brz-css-gmglv\" data-custom-id=\"vzonyipceyggepwkhxukbutxfnkmnarxwjcu\">\n<div class=\"brz-container brz-css-ixnap\">\n<div class=\"brz-css-ljuym brz-css-pvyie brz-wrapper\">\n<div class=\"brz-rich-text brz-rich-text__custom brz-css-hkmsb\" data-custom-id=\"eyyfjyidoqnwkatizepvxsdjmznyugwektla\">\n<div>\n<h2 class=\"brz-tp-heading2 brz-text-lg-center brz-css-fbrhe\"><span class=\"brz-cp-color2\">Por el desarrollo de la sociedad <\/span><\/h2>\n<\/div>\n<\/div>\n<\/div>\n<div class=\"brz-css-ljuym brz-css-svhxe brz-wrapper\">\n<div class=\"brz-rich-text brz-rich-text__custom brz-css-hkmsb\" data-custom-id=\"opqgfymewjfvinzzmbtubmhvmoofyqlbqwkv\">\n<div>\n<p class=\"brz-text-lg-center brz-tp-heading5 brz-css-zbhld\"><span>Fortaleciendo v\u00ednculos de bienestar.<\/span><\/p>\n<\/div>\n<\/div>\n<\/div>\n<div class=\"brz-css-ljuym brz-css-bkydt brz-css-rybvs brz-wrapper\">\n<div class=\"brz-spacer brz-css-fqhtm brz-css-hxcfw\"><\/div>\n<\/div>\n<div class=\"brz-row__container brz-css-swtpx\" data-custom-id=\"yhwkwygwnibbvmtpbmczudqguwwurvqwmuuq\">\n<div class=\"brz-bg overflow-hidden !z-auto absolute top-0 left-0 w-full h-full\"><\/div>\n<div class=\"brz-row brz-css-pfiem brz-css-hsfnw\">\n<div class=\"brz-columns brz-css-itrnf brz-css-ordvg\" data-custom-id=\"zmiogelfquwlfszxqkreomudzrjepymojlbn\">\n<div class=\"brz-bg overflow-hidden !z-auto absolute top-0 left-0 w-full h-full\">\n<div class=\"brz-bg-color absolute top-0 left-0 w-full h-full\"><\/div>\n<\/div>\n<div class=\"brz-column__items brz-css-uhbbu brz-css-ppryb\">\n<div class=\"brz-css-ljuym brz-css-bkydt brz-wrapper\">\n<div class=\"brz-spacer brz-css-fqhtm brz-css-evurd\"><\/div>\n<\/div>\n<div class=\"brz-css-ljuym brz-css-gjqca brz-wrapper\">\n<div class=\"brz-icon-text brz-css-hrgif\" data-custom-id=\"zrdvyouqsbpwhusidnybypibjunivqjztyec\">\n<div class=\"brz-icon__container\" data-custom-id=\"litwwgjzkgbbdwaazvawowihouenrwakgzoo\"><span class=\"brz-icon brz-span brz-css-bfmpm brz-css-srgwl\"><\/span><\/div>\n<div class=\"brz-text-btn\">\n<div class=\"brz-rich-text brz-rich-text__custom brz-css-hkmsb\" data-custom-id=\"bebfhxahwvhglofybaketlmbfbxyszguhuwk\">\n<div>\n<h6 class=\"brz-mb-lg-20 brz-tp-heading6 brz-css-zcgoy\"><span class=\"brz-cp-color2\">ALIANZAS<\/span><\/h6>\n<p class=\"brz-text-lg-justify brz-tp-paragraph brz-text-xs-left brz-css-yxtrf\"><span>Trabajamos con un equipo de empresas, socios, proveedores y clientes que encaminados una misma misi\u00f3n. Entregando productos y servicios de calidad de manera oportuna.<\/span><\/p>\n<\/div>\n<\/div>\n<\/div>\n<\/div>\n<\/div>\n<div class=\"brz-css-ljuym brz-css-bkydt brz-wrapper\">\n<div class=\"brz-spacer brz-css-fqhtm brz-css-aitog\"><\/div>\n<\/div>\n<\/div>\n<\/div>\n<div class=\"brz-columns brz-css-itrnf brz-css-cbppv\" data-custom-id=\"ikbdfxyonychahozgvkfomxzyqbcchyyimyv\">\n<div class=\"brz-bg overflow-hidden !z-auto absolute top-0 left-0 w-full h-full\">\n<div class=\"brz-bg-color absolute top-0 left-0 w-full h-full\"><\/div>\n<\/div>\n<div class=\"brz-column__items brz-css-uhbbu brz-css-gxkqy\">\n<div class=\"brz-css-ljuym brz-css-bkydt brz-wrapper\">\n<div class=\"brz-spacer brz-css-fqhtm brz-css-imymj\"><\/div>\n<\/div>\n<div class=\"brz-css-ljuym brz-css-otegt brz-wrapper\">\n<div class=\"brz-icon-text brz-css-hrgif\" data-custom-id=\"qlzebubnemlpetezgrzcbylohegckqvxeotx\">\n<div class=\"brz-icon__container\" data-custom-id=\"zkgrtnaylakaljydmdylspqeiehecmsljoad\"><span class=\"brz-icon brz-span brz-css-bfmpm brz-css-qqqlt\"><\/span><\/div>\n<div class=\"brz-text-btn\">\n<div class=\"brz-rich-text brz-rich-text__custom brz-css-hkmsb\" data-custom-id=\"ctwjrrgenxnzfwtqsdicizmmhhzfwufikklq\">\n<div>\n<h6 class=\"brz-mb-lg-20 brz-tp-heading6 brz-css-kqfdz\"><span class=\"brz-cp-color2\">COMPROMISO CON LA SOCIEDAD<\/span><\/h6>\n<p class=\"brz-text-lg-justify brz-tp-paragraph brz-text-xs-left brz-css-ghgka\"><span>Brindar un servicio de calidad a todos nuestros usuarios con puntualidad, responsabilidad y compromiso, apoyando al bienestar y progreso de la comunidad.<\/span><\/p>\n<\/div>\n<\/div>\n<\/div>\n<\/div>\n<\/div>\n<div class=\"brz-css-ljuym brz-css-bkydt brz-wrapper\">\n<div class=\"brz-spacer brz-css-fqhtm brz-css-dfewj\"><\/div>\n<\/div>\n<\/div>\n<\/div>\n<\/div>\n<\/div>\n<div class=\"brz-row__container brz-css-swtpx\" data-custom-id=\"wbqodivofxzhwvnhekfvxbzbgwhwrcoznrmy\">\n<div class=\"brz-bg overflow-hidden !z-auto absolute top-0 left-0 w-full h-full\"><\/div>\n<div class=\"brz-row brz-css-pfiem brz-css-hsfnw\">\n<div class=\"brz-columns brz-css-itrnf brz-css-nurhc\" data-custom-id=\"ybygoercmpsmxxagtftmdjpoqimuczbbzjvx\">\n<div class=\"brz-bg overflow-hidden !z-auto absolute top-0 left-0 w-full h-full\">\n<div class=\"brz-bg-color absolute top-0 left-0 w-full h-full\"><\/div>\n<\/div>\n<div class=\"brz-column__items brz-css-uhbbu brz-css-gyfeh\">\n<div class=\"brz-css-ljuym brz-css-bkydt brz-wrapper\">\n<div class=\"brz-spacer brz-css-fqhtm brz-css-lygla\"><\/div>\n<\/div>\n<div class=\"brz-css-ljuym brz-css-jngtq brz-wrapper\">\n<div class=\"brz-icon-text brz-css-hrgif\" data-custom-id=\"zqguagepmpdakhufrdzjklaazrzgundanmqi\">\n<div class=\"brz-icon__container\" data-custom-id=\"zniwerbrdhskvaptvccqbieojxuouypgovvq\"><span class=\"brz-icon brz-span brz-css-bfmpm brz-css-bahpw\"><\/span><\/div>\n<div class=\"brz-text-btn\">\n<div class=\"brz-rich-text brz-rich-text__custom brz-css-hkmsb\" data-custom-id=\"ffgrququnpxxnhmznmluibzxtskrutlgtvac\">\n<div>\n<h6 class=\"brz-mb-lg-20 brz-tp-heading6 brz-css-ysaak\"><span class=\"brz-cp-color2\">RESPONSABILIDAD SOCIAL<\/span><\/h6>\n<p class=\"brz-text-lg-justify brz-tp-paragraph brz-text-xs-left brz-css-omrwf\"><span>Queremos a trav\u00e9s de nuestro esfuerzo y trabajo tener la capacidad de ayudar a las personas m\u00e1s vulnerables, personas que desafortunadamente luchan contra el hambre, la pobreza, los conflictos, el racismo o la violencia de g\u00e9nero. Son problemas que deber\u00eda preocuparnos a todos y sobre los que podemos actuar incluso con una peque\u00f1a contribuci\u00f3n que, sumada a la de todos los dem\u00e1s, puede cambiar la vida de alguien m\u00e1s. Cada d\u00eda, en los distintos medios de comunicaci\u00f3n escuchamos hablar de los graves problemas que aflige a la sociedad debido a una diversidad de factores como son temas pol\u00edticos, econ\u00f3micos, culturales y sociales. Nuestra responsabilidad social es a trav\u00e9s de la adecuada gesti\u00f3n y administraci\u00f3n de nuestros recursos, los mismos que permitir\u00e1n contribuir a la poblaci\u00f3n menos favorecida. \u201cNo hay mayor satisfacci\u00f3n que vivir por el bienestar de los dem\u00e1s, vivir ignorando a los dem\u00e1s, es vivir en un mundo imaginario.\u201d<\/span><\/p>\n<\/div>\n<\/div>\n<\/div>\n<\/div>\n<\/div>\n<div class=\"brz-css-ljuym brz-css-bkydt brz-wrapper\">\n<div class=\"brz-spacer brz-css-fqhtm brz-css-xrvhr\"><\/div>\n<\/div>\n<\/div>\n<\/div>\n<\/div>\n<\/div>\n<\/div>\n<\/div>\n<\/section>\n<\/div>\n<p>    <!-- version:1690469842 --><\/p>\n","protected":false},"excerpt":{"rendered":"<p>Por el desarrollo de la sociedad Fortaleciendo v\u00ednculos de bienestar. ALIANZAS Trabajamos con un equipo de empresas, socios, proveedores y clientes que encaminados una misma misi\u00f3n. Entregando productos y servicios de calidad de manera oportuna. COMPROMISO CON LA SOCIEDAD Brindar un servicio de calidad a todos nuestros usuarios con puntualidad, responsabilidad y compromiso, apoyando al [&hellip;]<\/p>\n","protected":false},"author":1,"featured_media":0,"parent":0,"menu_order":20,"comment_status":"closed","ping_status":"closed","template":"","meta":{"om_disable_all_campaigns":false,"_monsterinsights_skip_tracking":false,"_monsterinsights_sitenote_active":false,"_monsterinsights_sitenote_note":"","_monsterinsights_sitenote_category":0,"footnotes":""},"class_list":["post-783","page","type-page","status-publish","hentry"],"_links":{"self":[{"href":"https:\/\/faasecuador.com\/index.php\/wp-json\/wp\/v2\/pages\/783","targetHints":{"allow":["GET"]}}],"collection":[{"href":"https:\/\/faasecuador.com\/index.php\/wp-json\/wp\/v2\/pages"}],"about":[{"href":"https:\/\/faasecuador.com\/index.php\/wp-json\/wp\/v2\/types\/page"}],"author":[{"embeddable":true,"href":"https:\/\/faasecuador.com\/index.php\/wp-json\/wp\/v2\/users\/1"}],"replies":[{"embeddable":true,"href":"https:\/\/faasecuador.com\/index.php\/wp-json\/wp\/v2\/comments?post=783"}],"version-history":[{"count":30,"href":"https:\/\/faasecuador.com\/index.php\/wp-json\/wp\/v2\/pages\/783\/revisions"}],"predecessor-version":[{"id":1142,"href":"https:\/\/faasecuador.com\/index.php\/wp-json\/wp\/v2\/pages\/783\/revisions\/1142"}],"wp:attachment":[{"href":"https:\/\/faasecuador.com\/index.php\/wp-json\/wp\/v2\/media?parent=783"}],"curies":[{"name":"wp","href":"https:\/\/api.w.org\/{rel}","templated":true}]}}