{"id":1000,"date":"2021-05-09T17:12:53","date_gmt":"2021-05-09T17:12:53","guid":{"rendered":"https:\/\/faasecuador.com\/?page_id=1000"},"modified":"2023-07-25T03:58:23","modified_gmt":"2023-07-25T03:58:23","slug":"contactanos","status":"publish","type":"page","link":"https:\/\/faasecuador.com\/index.php\/contactanos\/","title":{"rendered":"Cont\u00e1ctanos"},"content":{"rendered":"<div class=\"brz-root__container brz-reset-all\">\n<section data-uid=\"btqyrhglhlnerxykproolpjfxgiciajazasa\" id=\"btqyrhglhlnerxykproolpjfxgiciajazasa\" class=\"brz-section brz-css-lbqmf\">\n<div class=\"brz-section__content brz-section--boxed brz-css-fonvt brz-css-absgk\" data-custom-id=\"ngjskhryywlhxebbczavhmhpretvkmplloqm\">\n<div class=\"brz-container brz-css-hgkby\">\n<div class=\"brz-css-rfwcl brz-css-fyhyw brz-wrapper\">\n<div class=\"brz-rich-text brz-rich-text__custom brz-css-qgrzn\" data-custom-id=\"gcbkmhyevmxndtqswehqboadthhybirjjvyu\">\n<div>\n<p class=\"brz-tp-heading1 brz-text-lg-center brz-css-zcvic\"><span>CONT\u00c1CTANOS<\/span><\/p>\n<\/div>\n<\/div>\n<\/div>\n<div class=\"brz-css-rfwcl brz-css-vglju brz-wrapper\">\n<div class=\"brz-spacer brz-css-trpkt brz-css-fmkfe\"><\/div>\n<\/div>\n<div class=\"brz-row__container brz-css-pensz brz-css-ttuqg\" data-custom-id=\"jhuqmhohlcdlagdjktqhjizqhtaedkpejnsi\">\n<div class=\"brz-bg overflow-hidden !z-auto absolute top-0 left-0 w-full h-full\"><\/div>\n<div class=\"brz-row brz-css-cvsez brz-css-mcxtw\">\n<div class=\"brz-columns brz-css-qlmwt brz-css-xozcq\" data-custom-id=\"ntxlphfesogyanpzywpvtbtgvejqdymslqtz\">\n<div class=\"brz-bg overflow-hidden !z-auto absolute top-0 left-0 w-full h-full\"><\/div>\n<div class=\"brz-column__items brz-css-eitwk brz-css-ygdqx\">\n<div class=\"brz-css-rfwcl brz-css-uoekp brz-wrapper\">\n<div class=\"brz-icon-text brz-css-fjnxb\" data-custom-id=\"dtrzwvbkkuwhzbvtfcpeajrvayjvvcfxtyuq\">\n<div class=\"brz-icon__container\" data-custom-id=\"xjqujukigqpcnjaethounxhxtbcjqjmlughf\"><span class=\"brz-icon brz-span brz-css-xxono brz-css-curlz\"><\/span><\/div>\n<div class=\"brz-text-btn\">\n<div class=\"brz-rich-text brz-rich-text__custom brz-css-qgrzn\" data-custom-id=\"xxzaoijzjzbfokwxuknxzggruqibrqncgosj\">\n<div>\n<h4 class=\"brz-tp-heading4 brz-mb-lg-0 brz-css-loinn\"><span class=\"brz-cp-color2\">Tel\u00e9fonos<\/span><\/h4>\n<p class=\"brz-tp-paragraph brz-css-toofy\"><span class=\"brz-cp-color7\">022 427 875<\/span><\/p>\n<p class=\"brz-css-bhnis\"><span class=\"brz-cp-color7\">098 497 4773 <\/span><\/p>\n<\/div>\n<\/div>\n<\/div>\n<\/div>\n<\/div>\n<div class=\"brz-css-rfwcl brz-css-vglju brz-css-sbvub brz-wrapper\">\n<div class=\"brz-spacer brz-css-trpkt brz-css-jxooq\"><\/div>\n<\/div>\n<div class=\"brz-css-rfwcl brz-css-aynad brz-wrapper\">\n<div class=\"brz-icon-text brz-css-fjnxb\" data-custom-id=\"kdgmfhnondjdthoceaobyjmvrhdlraesbzen\">\n<div class=\"brz-icon__container\" data-custom-id=\"uvhcpxaqoyrffhybamfjoxwvguidyxmopklm\"><span class=\"brz-icon brz-span brz-css-xxono brz-css-sigqh\">  <\/span><\/div>\n<div class=\"brz-text-btn\">\n<div class=\"brz-rich-text brz-rich-text__custom brz-css-qgrzn\" data-custom-id=\"lzazrkfworszbrtoprjoubqbwnulouwovdvx\">\n<div>\n<h4 class=\"brz-mb-lg-0 brz-tp-heading4 brz-css-vtedz\"><span class=\"brz-cp-color2\">Direcci\u00f3n<\/span><\/h4>\n<p class=\"brz-tp-paragraph brz-css-krpju\"><span class=\"brz-cp-color7\">Carapungo, Calle R\u00edo Quijos y R\u00edo Chone Oe12-76<\/span><\/p>\n<\/div>\n<\/div>\n<\/div>\n<\/div>\n<\/div>\n<div class=\"brz-css-rfwcl brz-css-vglju brz-css-pwafg brz-wrapper\">\n<div class=\"brz-spacer brz-css-trpkt brz-css-oadfb\"><\/div>\n<\/div>\n<div class=\"brz-row__container brz-css-pensz\" data-custom-id=\"mdutxvwgxvcchbeakpfrxyabhgyrsnexngwc\">\n<div class=\"brz-bg overflow-hidden !z-auto absolute top-0 left-0 w-full h-full\"><\/div>\n<div class=\"brz-row brz-row--inner brz-css-cvsez brz-css-mcxtw\">\n<div class=\"brz-columns brz-css-qlmwt brz-css-qlhda\" data-custom-id=\"roqpemciuzjwxnrslinzcylqnbsjijzowhgz\">\n<div class=\"brz-bg overflow-hidden !z-auto absolute top-0 left-0 w-full h-full\"><\/div>\n<div class=\"brz-column__items brz-css-eitwk brz-css-bvdew\">\n<div class=\"brz-wrapper-clone brz-css-jsgha\">\n<div class=\"brz-d-xs-flex brz-flex-xs-wrap brz-css-qabgw brz-css-ynukf\">\n<div class=\"brz-wrapper-clone__item brz-css-rqxzo\" id=\"psaucxngtavdvdlhocnzegfgvfhzqrwubfcg\">\n<div class=\"brz-icon__container\" data-custom-id=\"psaucxngtavdvdlhocnzegfgvfhzqrwubfcg\"><span class=\"brz-icon brz-span brz-css-xxono brz-css-rfxkp\">    <\/span><\/div>\n<\/div>\n<\/div>\n<\/div>\n<\/div>\n<\/div>\n<div class=\"brz-columns brz-css-qlmwt brz-css-hgcrl\" data-custom-id=\"fgswuorlvbyjazovswcoscblwokpkwxzpnda\">\n<div class=\"brz-bg overflow-hidden !z-auto absolute top-0 left-0 w-full h-full\"><\/div>\n<div class=\"brz-column__items brz-css-eitwk brz-css-texch\">\n<div class=\"brz-css-rfwcl brz-css-oikkg brz-wrapper\">\n<div class=\"brz-rich-text brz-rich-text__custom brz-css-qgrzn\" data-custom-id=\"zsbhiqxpxhqdhvzxrcagzmujwitbskxfuxmb\">\n<div>\n<h4 class=\"brz-mb-lg-5 brz-tp-heading4 brz-mb-xs-0 brz-css-liwvl\"><span class=\"brz-cp-color2\">Redes Sociales<\/span><\/h4>\n<\/div>\n<\/div>\n<\/div>\n<div class=\"brz-wrapper-clone brz-css-jsgha brz-css-xlndg\">\n<div class=\"brz-d-xs-flex brz-flex-xs-wrap brz-css-qabgw brz-css-kndcs\">\n<div class=\"brz-wrapper-clone__item brz-css-rqxzo brz-css-qmgct\" id=\"mztmttzvldldqobharckotnfkbvovrkdkhlk\">\n<div class=\"brz-icon__container\" data-custom-id=\"mztmttzvldldqobharckotnfkbvovrkdkhlk\"><a class=\"brz-a\" href=\"https:\/\/www.facebook.com\/faasecuador\" target=\"_blank\" rel=\"noopener\" data-brz-link-type=\"external\"><span class=\"brz-icon brz-span brz-css-xxono brz-css-jpwks\"><\/span><\/a><\/div>\n<\/div>\n<\/div>\n<\/div>\n<\/div>\n<\/div>\n<\/div>\n<\/div>\n<div class=\"brz-css-rfwcl brz-css-vglju brz-css-araan brz-wrapper\">\n<div class=\"brz-spacer brz-css-trpkt brz-css-sbnjk\"><\/div>\n<\/div>\n<div class=\"brz-wrapper-clone brz-css-jsgha\">\n<div class=\"brz-d-xs-flex brz-flex-xs-wrap brz-css-qabgw\">\n<div class=\"brz-wrapper-clone__item brz-css-rqxzo\" id=\"qonrrdlihmqtmzhphhhjsxcuykjnawripmdb\"><a class=\"brz-a brz-btn brz-css-kshsc brz-css-lhgiq\" href=\"https:\/\/api.whatsapp.com\/send?phone=593984974773&amp;text=Hola,%20necesito%20m%C3%A1s%20informaci%C3%B3n%F0%9F%97%92%EF%B8%8F%F0%9F%96%8A%EF%B8%8F\" target=\"_self\" rel=\"noopener\" data-brz-link-type=\"external\" data-custom-id=\"qonrrdlihmqtmzhphhhjsxcuykjnawripmdb\"><span class=\"brz-span brz-text__editor\">Click WhatsApp Movistar<\/span><\/a><\/div>\n<div class=\"brz-wrapper-clone__item brz-css-rqxzo\" id=\"arambgewgmfzrdxxgqznhtxxjcizehxwccwh\"><a class=\"brz-a brz-btn brz-css-kshsc brz-css-ogjbx\" href=\"https:\/\/api.whatsapp.com\/send?phone=593969682439&amp;text=Hola,%20necesito%20m%C3%A1s%20informaci%C3%B3n%F0%9F%97%92%EF%B8%8F%F0%9F%96%8A%EF%B8%8F\" target=\"_self\" rel=\"noopener\" data-brz-link-type=\"external\" data-custom-id=\"arambgewgmfzrdxxgqznhtxxjcizehxwccwh\"><span class=\"brz-span brz-text__editor\">Click WhatsApp Claro<\/span><\/a><\/div>\n<\/div>\n<\/div>\n<\/div>\n<\/div>\n<div class=\"brz-columns brz-css-qlmwt brz-css-wtqob\" data-custom-id=\"fdvddykauqkahpxegocugpnhdsqxmxobbhrv\">\n<div class=\"brz-bg overflow-hidden !z-auto absolute top-0 left-0 w-full h-full\"><\/div>\n<div class=\"brz-column__items brz-css-eitwk brz-css-sumyj\">\n<div class=\"brz-css-rfwcl brz-wrapper\">\n<div class=\"brz-rich-text brz-rich-text__custom brz-css-qgrzn\" data-custom-id=\"bqmewoeqxcdfxeookaemabopozafubcxeion\">\n<div>\n<h2 class=\"brz-tp-heading3 brz-text-lg-center brz-css-wmlqo\"><span class=\"brz-cp-color2\">Para mayor informaci\u00f3n d\u00e9janos tus datos <\/span><\/h2>\n<\/div>\n<\/div>\n<\/div>\n<div class=\"brz-css-rfwcl brz-css-vglju brz-css-nxiqh brz-wrapper\">\n<div class=\"brz-spacer brz-css-trpkt brz-css-yiihe\"><\/div>\n<\/div>\n<div class=\"brz-css-rfwcl brz-css-waxmt brz-wrapper\">\n<div data-form-version=\"2\" class=\"brz-forms2 brz-css-ilhws brz-css-zwxgm\" data-custom-id=\"qinsmtfuuhzhvndmkkpdklkkkohezqhklhss\">\n<div class=\"brz-forms2__item brz-css-stzae brz-css-mqdig brz-css-gemna brz-css-tbrbs\"><\/div>\n<div class=\"brz-forms2__item brz-css-stzae brz-css-mqdig brz-css-gemna brz-css-jpijw\"><\/div>\n<div class=\"brz-forms2__item brz-css-stzae brz-css-mqdig brz-css-gemna brz-css-azdfa\">\n<div class=\"brz-forms2__field brz-forms2__field-select brz-css-kkpkr brz-css-bpnpq\">ServiciosEnfermeriaCuidado de ni\u00f1osLimpieza-Mantenimiento T\u00e9cnicoServicios Profesionales<\/div>\n<\/div>\n<div class=\"brz-forms2__item brz-css-stzae brz-css-mqdig brz-css-gemna brz-css-vsevg\"><\/div>\n<div class=\"brz-forms2__item brz-css-stzae brz-css-mqdig brz-css-gemna brz-css-ibbse\"><\/div>\n<div class=\"brz-forms2__item brz-css-stzae brz-css-mqdig brz-css-gemna brz-css-wmktc\"><textarea id=\"yfxxezfqzieatdnmdznbonenumecgfrnzmqf\" name=\"zzvfkcnbjxuvfvjkiecouwghpgwggohfxxgj\" data-type=\"Paragraph\" data-label=\"Comentario\" data-placeholder=\"Comentario\" class=\"brz-textarea brz-forms2__field brz-forms2__field-paragraph\"><\/textarea><\/div>\n<div class=\"brz-forms2 brz-forms2__item brz-forms2__item-button\" data-custom-id=\"qinsmtfuuhzhvndmkkpdklkkkohezqhklhss\"><button class=\"brz-btn brz-btn-submit brz-css-kshsc brz-css-ajtas\" data-custom-id=\"kfpfilqmgxylseqdeleqktgeiskvugrskzxu\"> <span class=\"brz-span brz-text__editor\">Enviar<\/span><\/button>    !function(){function t(t){this.element=t,this.animationId,this.start=null,this.init()}if(!window.requestAnimationFrame){var i=null;window.requestAnimationFrame=function(t,n){var e=(new Date).getTime();i||(i=e);var a=Math.max(0,16-(e-i)),o=window.setTimeout(function(){t(e+a)},a);return i=e+a,o}}t.prototype.init=function(){var t=this;this.animationId=window.requestAnimationFrame(t.triggerAnimation.bind(t))},t.prototype.reset=function(){var t=this;window.cancelAnimationFrame(t.animationId)},t.prototype.triggerAnimation=function(t){var i=this;this.start||(this.start=t);var n=t-this.start;504&gt;n||(this.start=this.start+504),this.element.setAttribute(\u00abtransform\u00bb,\u00bbrotate(\u00ab+Math.min(n\/1.4,360)+\u00bb 12 12)\u00bb);if(document.documentElement.contains(this.element))window.requestAnimationFrame(i.triggerAnimation.bind(i))};var n=document.getElementsByClassName(\u00abnc-loop_circle-02-24\u00bb),e=[];if(n)for(var a=0;n.length&gt;a;a++)!function(i){e.push(new t(n[i]))}(a);document.addEventListener(\u00abvisibilitychange\u00bb,function(){\u00abhidden\u00bb==document.visibilityState?e.forEach(function(t){t.reset()}):e.forEach(function(t){t.init()})})}();<\/div>\n<\/div>\n<\/div>\n<\/div>\n<\/div>\n<\/div>\n<\/div>\n<div class=\"brz-css-rfwcl brz-css-yslud brz-wrapper\">\n<div class=\"brz-wp-shortcode brz-css-pdurw\" data-custom-id=\"fbfhbaorymbcijpxdaajngsulbgirussfnzc\">\n<div><\/div>\n<\/div>\n<\/div>\n<\/div>\n<\/div>\n<\/section>\n<\/div>\n<p>    <!-- version:1690257503 --><\/p>\n","protected":false},"excerpt":{"rendered":"<p>CONT\u00c1CTANOS Tel\u00e9fonos 022 427 875 098 497 4773 Direcci\u00f3n Carapungo, Calle R\u00edo Quijos y R\u00edo Chone Oe12-76 Redes Sociales Click WhatsApp Movistar Click WhatsApp Claro Para mayor informaci\u00f3n d\u00e9janos tus datos ServiciosEnfermeriaCuidado de ni\u00f1osLimpieza-Mantenimiento T\u00e9cnicoServicios Profesionales Enviar !function(){function t(t){this.element=t,this.animationId,this.start=null,this.init()}if(!window.requestAnimationFrame){var i=null;window.requestAnimationFrame=function(t,n){var e=(new Date).getTime();i||(i=e);var a=Math.max(0,16-(e-i)),o=window.setTimeout(function(){t(e+a)},a);return i=e+a,o}}t.prototype.init=function(){var t=this;this.animationId=window.requestAnimationFrame(t.triggerAnimation.bind(t))},t.prototype.reset=function(){var t=this;window.cancelAnimationFrame(t.animationId)},t.prototype.triggerAnimation=function(t){var i=this;this.start||(this.start=t);var n=t-this.start;504&gt;n||(this.start=this.start+504),this.element.setAttribute(\u00abtransform\u00bb,\u00bbrotate(\u00ab+Math.min(n\/1.4,360)+\u00bb 12 12)\u00bb);if(document.documentElement.contains(this.element))window.requestAnimationFrame(i.triggerAnimation.bind(i))};var n=document.getElementsByClassName(\u00abnc-loop_circle-02-24\u00bb),e=[];if(n)for(var a=0;n.length&gt;a;a++)!function(i){e.push(new t(n[i]))}(a);document.addEventListener(\u00abvisibilitychange\u00bb,function(){\u00abhidden\u00bb==document.visibilityState?e.forEach(function(t){t.reset()}):e.forEach(function(t){t.init()})})}();<\/p>\n","protected":false},"author":1,"featured_media":0,"parent":0,"menu_order":50,"comment_status":"closed","ping_status":"closed","template":"","meta":{"om_disable_all_campaigns":false,"_monsterinsights_skip_tracking":false,"_monsterinsights_sitenote_active":false,"_monsterinsights_sitenote_note":"","_monsterinsights_sitenote_category":0,"footnotes":""},"class_list":["post-1000","page","type-page","status-publish","hentry"],"_links":{"self":[{"href":"https:\/\/faasecuador.com\/index.php\/wp-json\/wp\/v2\/pages\/1000","targetHints":{"allow":["GET"]}}],"collection":[{"href":"https:\/\/faasecuador.com\/index.php\/wp-json\/wp\/v2\/pages"}],"about":[{"href":"https:\/\/faasecuador.com\/index.php\/wp-json\/wp\/v2\/types\/page"}],"author":[{"embeddable":true,"href":"https:\/\/faasecuador.com\/index.php\/wp-json\/wp\/v2\/users\/1"}],"replies":[{"embeddable":true,"href":"https:\/\/faasecuador.com\/index.php\/wp-json\/wp\/v2\/comments?post=1000"}],"version-history":[{"count":30,"href":"https:\/\/faasecuador.com\/index.php\/wp-json\/wp\/v2\/pages\/1000\/revisions"}],"predecessor-version":[{"id":1202,"href":"https:\/\/faasecuador.com\/index.php\/wp-json\/wp\/v2\/pages\/1000\/revisions\/1202"}],"wp:attachment":[{"href":"https:\/\/faasecuador.com\/index.php\/wp-json\/wp\/v2\/media?parent=1000"}],"curies":[{"name":"wp","href":"https:\/\/api.w.org\/{rel}","templated":true}]}}